{"id":177,"date":"2021-07-08T05:27:06","date_gmt":"2021-07-08T04:27:06","guid":{"rendered":"http:\/\/kutsu.lajunen.net\/?page_id=177"},"modified":"2021-07-08T11:58:08","modified_gmt":"2021-07-08T10:58:08","slug":"havainnot","status":"publish","type":"page","link":"https:\/\/kutsu.lajunen.net\/en\/havainnot\/","title":{"rendered":"Havainnot"},"content":{"rendered":"\r\n<p>Testattu Safari selaimella (Iphonella whatupista linkki\u00e4 klikatessa aukaisee t\u00e4ll\u00e4 selaimella)<\/p>\r\n<p>Leiska sarakkeesta l\u00f6ytyy kuvakaappaus Tuomaksen pist\u00e4m\u00e4st\u00e4 videosta ja toteutus sarakkeesta kuvakaappaus puhelimesta totetuksesta.<\/p>\r\n<p>Kuvakaappaukset saa klikkaamalla suuremmaksi.<\/p>\r\n<p>&nbsp;<\/p>\r\n\r\n\r\n\r\n<figure class=\"wp-block-image size-large is-style-default fancybox\"><\/figure>\r\n\r\n\r\n\r\n<div class=\"wp-block-group\">\r\n<div class=\"wp-block-group__inner-container\">\r\n<div class=\"wp-block-group\">\r\n<div class=\"wp-block-group__inner-container\">\r\n<figure class=\"wp-block-image size-large\"><\/figure>\r\n\r\n\r\n\r\n<figure class=\"wp-block-image size-large\"><\/figure>\r\n\r\n\r\n\r\n<figure class=\"wp-block-image size-large\"><\/figure>\r\n\r\n\r\n\r\n<figure class=\"wp-block-table alignwide\">\r\n<table>\r\n<tbody>\r\n<tr>\r\n<th width=\"300\">Havainto<\/th>\r\n<th>\u00a0<\/th>\r\n<th><strong>LEISKA<\/strong><\/th>\r\n<th><strong>TOTEUTUS<\/strong><\/th>\r\n<th>\u00a0<\/th>\r\n<\/tr>\r\n<tr>\r\n<td>\r\n<p>1 Taustav\u00e4ri<\/p>\r\n<p>Tulisiko olla harmaa, kunnes tulee ilmottaudu juhliin osio?<\/p>\r\n<\/td>\r\n<td>\u00a0<\/td>\r\n<td><br \/><br \/><a href=\"http:\/\/kutsu.lajunen.net\/wp-content\/uploads\/2021\/07\/tausta-va\u0308ri-leiska.jpg\"><img loading=\"lazy\" class=\"alignnone  wp-image-222\" src=\"http:\/\/kutsu.lajunen.net\/wp-content\/uploads\/2021\/07\/tausta-va\u0308ri-leiska-613x1024.jpg\" alt=\"\" width=\"420\" height=\"702\" srcset=\"https:\/\/kutsu.lajunen.net\/wp-content\/uploads\/2021\/07\/tausta-va\u0308ri-leiska-613x1024.jpg 613w, https:\/\/kutsu.lajunen.net\/wp-content\/uploads\/2021\/07\/tausta-va\u0308ri-leiska-180x300.jpg 180w, https:\/\/kutsu.lajunen.net\/wp-content\/uploads\/2021\/07\/tausta-va\u0308ri-leiska-768x1283.jpg 768w, https:\/\/kutsu.lajunen.net\/wp-content\/uploads\/2021\/07\/tausta-va\u0308ri-leiska-919x1536.jpg 919w, https:\/\/kutsu.lajunen.net\/wp-content\/uploads\/2021\/07\/tausta-va\u0308ri-leiska-1226x2048.jpg 1226w, https:\/\/kutsu.lajunen.net\/wp-content\/uploads\/2021\/07\/tausta-va\u0308ri-leiska.jpg 1284w\" sizes=\"(max-width: 420px) 100vw, 420px\" \/><\/a><\/td>\r\n<td><a href=\"http:\/\/kutsu.lajunen.net\/wp-content\/uploads\/2021\/07\/taustava\u0308ri-toteutus-scaled.jpeg\"><img loading=\"lazy\" class=\"alignnone  wp-image-224\" src=\"http:\/\/kutsu.lajunen.net\/wp-content\/uploads\/2021\/07\/taustava\u0308ri-toteutus-473x1024.jpeg\" alt=\"\" width=\"370\" height=\"801\" srcset=\"https:\/\/kutsu.lajunen.net\/wp-content\/uploads\/2021\/07\/taustava\u0308ri-toteutus-473x1024.jpeg 473w, https:\/\/kutsu.lajunen.net\/wp-content\/uploads\/2021\/07\/taustava\u0308ri-toteutus-139x300.jpeg 139w, https:\/\/kutsu.lajunen.net\/wp-content\/uploads\/2021\/07\/taustava\u0308ri-toteutus-768x1662.jpeg 768w, https:\/\/kutsu.lajunen.net\/wp-content\/uploads\/2021\/07\/taustava\u0308ri-toteutus-710x1536.jpeg 710w, https:\/\/kutsu.lajunen.net\/wp-content\/uploads\/2021\/07\/taustava\u0308ri-toteutus-947x2048.jpeg 947w, https:\/\/kutsu.lajunen.net\/wp-content\/uploads\/2021\/07\/taustava\u0308ri-toteutus-scaled.jpeg 1183w\" sizes=\"(max-width: 370px) 100vw, 370px\" \/><\/a><\/td>\r\n<td>\u00a0<\/td>\r\n<\/tr>\r\n<tr>\r\n<td>2. t\u00e4\u00e4lt\u00e4 linkki ei vie oikeaan paikkaan<\/td>\r\n<td>\r\n<p>&nbsp;<\/p>\r\n<p>&nbsp;<\/p>\r\n<\/td>\r\n<td><img src=\"http:\/\/kutsu.lajunen.net\/wp-content\/uploads\/2021\/07\/Footer-erin\u00e4k\u00f6inen-toteutus-511x1024.jpg\" alt=\"\" \/><img src=\"http:\/\/kutsu.lajunen.net\/wp-content\/uploads\/2021\/07\/Footer-erin\u00e4k\u00f6inen-toteutus-511x1024.jpg\" alt=\"\" \/><\/td>\r\n<td><a href=\"http:\/\/kutsu.lajunen.net\/wp-content\/uploads\/2021\/07\/Ta\u0308a\u0308lta\u0308-linkki-ei-vie-lomakkeelle.jpg\"><img loading=\"lazy\" class=\"alignnone  wp-image-226\" src=\"http:\/\/kutsu.lajunen.net\/wp-content\/uploads\/2021\/07\/Ta\u0308a\u0308lta\u0308-linkki-ei-vie-lomakkeelle-863x1024.jpg\" alt=\"\" width=\"324\" height=\"384\" srcset=\"https:\/\/kutsu.lajunen.net\/wp-content\/uploads\/2021\/07\/Ta\u0308a\u0308lta\u0308-linkki-ei-vie-lomakkeelle-863x1024.jpg 863w, https:\/\/kutsu.lajunen.net\/wp-content\/uploads\/2021\/07\/Ta\u0308a\u0308lta\u0308-linkki-ei-vie-lomakkeelle-253x300.jpg 253w, https:\/\/kutsu.lajunen.net\/wp-content\/uploads\/2021\/07\/Ta\u0308a\u0308lta\u0308-linkki-ei-vie-lomakkeelle-768x911.jpg 768w, https:\/\/kutsu.lajunen.net\/wp-content\/uploads\/2021\/07\/Ta\u0308a\u0308lta\u0308-linkki-ei-vie-lomakkeelle.jpg 1257w\" sizes=\"(max-width: 324px) 100vw, 324px\" \/><\/a><\/td>\r\n<td>\u00a0<\/td>\r\n<\/tr>\r\n<tr>\r\n<td>3. Menu eri n\u00e4k\u00f6inen<\/td>\r\n<td>\u00a0<\/td>\r\n<td><a href=\"http:\/\/kutsu.lajunen.net\/wp-content\/uploads\/2021\/07\/IMG_0619.jpg\"><img loading=\"lazy\" class=\"alignnone  wp-image-190\" src=\"http:\/\/kutsu.lajunen.net\/wp-content\/uploads\/2021\/07\/IMG_0619-191x300.jpg\" alt=\"\" width=\"444\" height=\"698\" srcset=\"https:\/\/kutsu.lajunen.net\/wp-content\/uploads\/2021\/07\/IMG_0619-191x300.jpg 191w, https:\/\/kutsu.lajunen.net\/wp-content\/uploads\/2021\/07\/IMG_0619-652x1024.jpg 652w, https:\/\/kutsu.lajunen.net\/wp-content\/uploads\/2021\/07\/IMG_0619-768x1206.jpg 768w, https:\/\/kutsu.lajunen.net\/wp-content\/uploads\/2021\/07\/IMG_0619-978x1536.jpg 978w, https:\/\/kutsu.lajunen.net\/wp-content\/uploads\/2021\/07\/IMG_0619.jpg 1284w\" sizes=\"(max-width: 444px) 100vw, 444px\" \/><\/a><\/td>\r\n<td><a href=\"http:\/\/kutsu.lajunen.net\/wp-content\/uploads\/2021\/07\/menu-toteutus-scaled.jpeg\"><img loading=\"lazy\" class=\"alignnone wp-image-221 size-large\" src=\"http:\/\/kutsu.lajunen.net\/wp-content\/uploads\/2021\/07\/menu-toteutus-473x1024.jpeg\" alt=\"\" width=\"473\" height=\"1024\" srcset=\"https:\/\/kutsu.lajunen.net\/wp-content\/uploads\/2021\/07\/menu-toteutus-473x1024.jpeg 473w, https:\/\/kutsu.lajunen.net\/wp-content\/uploads\/2021\/07\/menu-toteutus-139x300.jpeg 139w, https:\/\/kutsu.lajunen.net\/wp-content\/uploads\/2021\/07\/menu-toteutus-768x1662.jpeg 768w, https:\/\/kutsu.lajunen.net\/wp-content\/uploads\/2021\/07\/menu-toteutus-710x1536.jpeg 710w, https:\/\/kutsu.lajunen.net\/wp-content\/uploads\/2021\/07\/menu-toteutus-947x2048.jpeg 947w, https:\/\/kutsu.lajunen.net\/wp-content\/uploads\/2021\/07\/menu-toteutus-scaled.jpeg 1183w\" sizes=\"(max-width: 473px) 100vw, 473px\" \/><\/a><\/td>\r\n<td>\u00a0<\/td>\r\n<\/tr>\r\n<tr>\r\n<td>4. Raamattuviitteiss\u00e4 ei tulisi olla rivityst\u00e4\u00a0<\/td>\r\n<td>\u00a0<\/td>\r\n<td><a href=\"http:\/\/kutsu.lajunen.net\/wp-content\/uploads\/2021\/07\/IMG_0620-2.png\"><img loading=\"lazy\" class=\"alignnone wp-image-205 size-medium\" src=\"http:\/\/kutsu.lajunen.net\/wp-content\/uploads\/2021\/07\/IMG_0620-2-139x300.png\" alt=\"\" width=\"139\" height=\"300\" srcset=\"https:\/\/kutsu.lajunen.net\/wp-content\/uploads\/2021\/07\/IMG_0620-2-139x300.png 139w, https:\/\/kutsu.lajunen.net\/wp-content\/uploads\/2021\/07\/IMG_0620-2-473x1024.png 473w, https:\/\/kutsu.lajunen.net\/wp-content\/uploads\/2021\/07\/IMG_0620-2-768x1662.png 768w, https:\/\/kutsu.lajunen.net\/wp-content\/uploads\/2021\/07\/IMG_0620-2-710x1536.png 710w, https:\/\/kutsu.lajunen.net\/wp-content\/uploads\/2021\/07\/IMG_0620-2-947x2048.png 947w, https:\/\/kutsu.lajunen.net\/wp-content\/uploads\/2021\/07\/IMG_0620-2.png 1284w\" sizes=\"(max-width: 139px) 100vw, 139px\" \/><\/a><\/td>\r\n<td><a class=\"fancybox\" href=\"http:\/\/kutsu.lajunen.net\/wp-content\/uploads\/2021\/07\/IMG_0621-2-scaled.jpg\"><img loading=\"lazy\" class=\"alignnone wp-image-210 size-medium\" src=\"http:\/\/kutsu.lajunen.net\/wp-content\/uploads\/2021\/07\/IMG_0621-2-150x300.jpg\" alt=\"\" width=\"150\" height=\"300\" srcset=\"https:\/\/kutsu.lajunen.net\/wp-content\/uploads\/2021\/07\/IMG_0621-2-150x300.jpg 150w, https:\/\/kutsu.lajunen.net\/wp-content\/uploads\/2021\/07\/IMG_0621-2-513x1024.jpg 513w, https:\/\/kutsu.lajunen.net\/wp-content\/uploads\/2021\/07\/IMG_0621-2-768x1534.jpg 768w, https:\/\/kutsu.lajunen.net\/wp-content\/uploads\/2021\/07\/IMG_0621-2-769x1536.jpg 769w, https:\/\/kutsu.lajunen.net\/wp-content\/uploads\/2021\/07\/IMG_0621-2-1026x2048.jpg 1026w, https:\/\/kutsu.lajunen.net\/wp-content\/uploads\/2021\/07\/IMG_0621-2-scaled.jpg 1282w\" sizes=\"(max-width: 150px) 100vw, 150px\" \/><\/a><\/td>\r\n<td>\u00a0<\/td>\r\n<\/tr>\r\n<tr>\r\n<td>5. Napit ei n\u00e4y safarilla oikein<\/td>\r\n<td>\u00a0<\/td>\r\n<td>\u00a0<\/td>\r\n<td><a href=\"http:\/\/kutsu.lajunen.net\/wp-content\/uploads\/2021\/07\/todistus-napiksi-toteutus.png\"><img loading=\"lazy\" class=\"alignnone size-medium wp-image-218\" src=\"http:\/\/kutsu.lajunen.net\/wp-content\/uploads\/2021\/07\/todistus-napiksi-toteutus-234x300.png\" alt=\"\" width=\"234\" height=\"300\" srcset=\"https:\/\/kutsu.lajunen.net\/wp-content\/uploads\/2021\/07\/todistus-napiksi-toteutus-234x300.png 234w, https:\/\/kutsu.lajunen.net\/wp-content\/uploads\/2021\/07\/todistus-napiksi-toteutus.png 656w\" sizes=\"(max-width: 234px) 100vw, 234px\" \/><\/a><\/td>\r\n<td>\u00a0<\/td>\r\n<\/tr>\r\n<tr>\r\n<td>6. Popup ulkoasu leiskan mukaiseksi<\/td>\r\n<td>\u00a0<\/td>\r\n<td><a href=\"http:\/\/kutsu.lajunen.net\/wp-content\/uploads\/2021\/07\/popup-toteutus.jpg\"><img loading=\"lazy\" class=\"alignnone size-large wp-image-227\" src=\"http:\/\/kutsu.lajunen.net\/wp-content\/uploads\/2021\/07\/popup-toteutus-592x1024.jpg\" alt=\"\" width=\"592\" height=\"1024\" srcset=\"https:\/\/kutsu.lajunen.net\/wp-content\/uploads\/2021\/07\/popup-toteutus-592x1024.jpg 592w, https:\/\/kutsu.lajunen.net\/wp-content\/uploads\/2021\/07\/popup-toteutus-173x300.jpg 173w, https:\/\/kutsu.lajunen.net\/wp-content\/uploads\/2021\/07\/popup-toteutus-768x1329.jpg 768w, https:\/\/kutsu.lajunen.net\/wp-content\/uploads\/2021\/07\/popup-toteutus-888x1536.jpg 888w, https:\/\/kutsu.lajunen.net\/wp-content\/uploads\/2021\/07\/popup-toteutus-1183x2048.jpg 1183w, https:\/\/kutsu.lajunen.net\/wp-content\/uploads\/2021\/07\/popup-toteutus.jpg 1284w\" sizes=\"(max-width: 592px) 100vw, 592px\" \/><\/a><\/td>\r\n<td><a href=\"http:\/\/kutsu.lajunen.net\/wp-content\/uploads\/2021\/07\/popup-leiska-1.jpeg\"><img loading=\"lazy\" class=\"alignnone size-large wp-image-229\" src=\"http:\/\/kutsu.lajunen.net\/wp-content\/uploads\/2021\/07\/popup-leiska-1-609x1024.jpeg\" alt=\"\" width=\"609\" height=\"1024\" srcset=\"https:\/\/kutsu.lajunen.net\/wp-content\/uploads\/2021\/07\/popup-leiska-1-609x1024.jpeg 609w, https:\/\/kutsu.lajunen.net\/wp-content\/uploads\/2021\/07\/popup-leiska-1-178x300.jpeg 178w, https:\/\/kutsu.lajunen.net\/wp-content\/uploads\/2021\/07\/popup-leiska-1-768x1291.jpeg 768w, https:\/\/kutsu.lajunen.net\/wp-content\/uploads\/2021\/07\/popup-leiska-1-914x1536.jpeg 914w, https:\/\/kutsu.lajunen.net\/wp-content\/uploads\/2021\/07\/popup-leiska-1-1219x2048.jpeg 1219w, https:\/\/kutsu.lajunen.net\/wp-content\/uploads\/2021\/07\/popup-leiska-1.jpeg 1284w\" sizes=\"(max-width: 609px) 100vw, 609px\" \/><\/a><\/td>\r\n<td>\u00a0<\/td>\r\n<\/tr>\r\n<tr>\r\n<td>7. Popup tulisi sulkeutua klikkaamalla ulkopuolelta<\/td>\r\n<td>\u00a0<\/td>\r\n<td>\u00a0<\/td>\r\n<td>\u00a0<\/td>\r\n<td>\u00a0<\/td>\r\n<\/tr>\r\n<tr>\r\n<td>8. Popin ollessa auki ainoastaan popupin sis\u00e4lt\u00f6\u00e4 tulisi voida scrollata<\/td>\r\n<td>\u00a0<\/td>\r\n<td>\u00a0<\/td>\r\n<td>\u00a0<\/td>\r\n<td>\u00a0<\/td>\r\n<\/tr>\r\n<tr>\r\n<td>\r\n<p>9. Etusivun p\u00e4\u00e4kuvan skaalaus<\/p>\r\n<p>Jeesus kuva voisi olla skaalattu siten, ett\u00e4 se mahtuisi kokonaan kuvaan. Varsinkin pienemmill\u00e4 puhelimen koolla k\u00e4det croppautuu pois. (T\u00e4m\u00e4 testattu muista poiketen chromen puhelin emulaatio tilassa.)<\/p>\r\n<\/td>\r\n<td>\u00a0<\/td>\r\n<td><a href=\"http:\/\/kutsu.lajunen.net\/wp-content\/uploads\/2021\/07\/etusivun-kuva-iphone6-8-toteutus.png\"><img loading=\"lazy\" class=\"alignnone size-large wp-image-231\" src=\"http:\/\/kutsu.lajunen.net\/wp-content\/uploads\/2021\/07\/etusivun-kuva-iphone6-8-toteutus-549x1024.png\" alt=\"\" width=\"549\" height=\"1024\" srcset=\"https:\/\/kutsu.lajunen.net\/wp-content\/uploads\/2021\/07\/etusivun-kuva-iphone6-8-toteutus-549x1024.png 549w, https:\/\/kutsu.lajunen.net\/wp-content\/uploads\/2021\/07\/etusivun-kuva-iphone6-8-toteutus-161x300.png 161w, https:\/\/kutsu.lajunen.net\/wp-content\/uploads\/2021\/07\/etusivun-kuva-iphone6-8-toteutus-768x1432.png 768w, https:\/\/kutsu.lajunen.net\/wp-content\/uploads\/2021\/07\/etusivun-kuva-iphone6-8-toteutus.png 786w\" sizes=\"(max-width: 549px) 100vw, 549px\" \/><\/a><\/td>\r\n<td><a href=\"http:\/\/kutsu.lajunen.net\/wp-content\/uploads\/2021\/07\/etusivun-kuva-leiska.jpeg\"><img loading=\"lazy\" class=\"alignnone size-large wp-image-230\" src=\"http:\/\/kutsu.lajunen.net\/wp-content\/uploads\/2021\/07\/etusivun-kuva-leiska-617x1024.jpeg\" alt=\"\" width=\"617\" height=\"1024\" srcset=\"https:\/\/kutsu.lajunen.net\/wp-content\/uploads\/2021\/07\/etusivun-kuva-leiska-617x1024.jpeg 617w, https:\/\/kutsu.lajunen.net\/wp-content\/uploads\/2021\/07\/etusivun-kuva-leiska-181x300.jpeg 181w, https:\/\/kutsu.lajunen.net\/wp-content\/uploads\/2021\/07\/etusivun-kuva-leiska-768x1274.jpeg 768w, https:\/\/kutsu.lajunen.net\/wp-content\/uploads\/2021\/07\/etusivun-kuva-leiska-926x1536.jpeg 926w, https:\/\/kutsu.lajunen.net\/wp-content\/uploads\/2021\/07\/etusivun-kuva-leiska-1235x2048.jpeg 1235w, https:\/\/kutsu.lajunen.net\/wp-content\/uploads\/2021\/07\/etusivun-kuva-leiska.jpeg 1284w\" sizes=\"(max-width: 617px) 100vw, 617px\" \/><\/a><\/td>\r\n<td>\u00a0<\/td>\r\n<\/tr>\r\n<tr>\r\n<td>\r\n<p>10. Footer eri n\u00e4k\u00f6inen<\/p>\r\n<p>&nbsp;<\/p>\r\n<\/td>\r\n<td>\u00a0<\/td>\r\n<td><a href=\"http:\/\/kutsu.lajunen.net\/wp-content\/uploads\/2021\/07\/footer-toteutus-scaled.jpeg\"><img loading=\"lazy\" class=\"alignnone size-large wp-image-235\" src=\"http:\/\/kutsu.lajunen.net\/wp-content\/uploads\/2021\/07\/footer-toteutus-509x1024.jpeg\" alt=\"\" width=\"509\" height=\"1024\" srcset=\"https:\/\/kutsu.lajunen.net\/wp-content\/uploads\/2021\/07\/footer-toteutus-509x1024.jpeg 509w, https:\/\/kutsu.lajunen.net\/wp-content\/uploads\/2021\/07\/footer-toteutus-149x300.jpeg 149w, https:\/\/kutsu.lajunen.net\/wp-content\/uploads\/2021\/07\/footer-toteutus-768x1545.jpeg 768w, https:\/\/kutsu.lajunen.net\/wp-content\/uploads\/2021\/07\/footer-toteutus-764x1536.jpeg 764w, https:\/\/kutsu.lajunen.net\/wp-content\/uploads\/2021\/07\/footer-toteutus-1018x2048.jpeg 1018w, https:\/\/kutsu.lajunen.net\/wp-content\/uploads\/2021\/07\/footer-toteutus-scaled.jpeg 1273w\" sizes=\"(max-width: 509px) 100vw, 509px\" \/><\/a><\/td>\r\n<td><a href=\"http:\/\/kutsu.lajunen.net\/wp-content\/uploads\/2021\/07\/footer-leiska.jpeg\"><img loading=\"lazy\" class=\"alignnone size-large wp-image-236\" src=\"http:\/\/kutsu.lajunen.net\/wp-content\/uploads\/2021\/07\/footer-leiska-571x1024.jpeg\" alt=\"\" width=\"571\" height=\"1024\" srcset=\"https:\/\/kutsu.lajunen.net\/wp-content\/uploads\/2021\/07\/footer-leiska-571x1024.jpeg 571w, https:\/\/kutsu.lajunen.net\/wp-content\/uploads\/2021\/07\/footer-leiska-167x300.jpeg 167w, https:\/\/kutsu.lajunen.net\/wp-content\/uploads\/2021\/07\/footer-leiska-768x1378.jpeg 768w, https:\/\/kutsu.lajunen.net\/wp-content\/uploads\/2021\/07\/footer-leiska-856x1536.jpeg 856w, https:\/\/kutsu.lajunen.net\/wp-content\/uploads\/2021\/07\/footer-leiska-1141x2048.jpeg 1141w, https:\/\/kutsu.lajunen.net\/wp-content\/uploads\/2021\/07\/footer-leiska.jpeg 1241w\" sizes=\"(max-width: 571px) 100vw, 571px\" \/><\/a><\/td>\r\n<td>\u00a0<\/td>\r\n<\/tr>\r\n<tr>\r\n<td>\r\n<p>11. Ilmoittaudu juhliin tyylittely<\/p>\r\n<ul>\r\n<li>Ikoni puuttuu<\/li>\r\n<li>Teksti hieman lihavoituna<\/li>\r\n<li>Teksti keskitettyn\u00e4<\/li>\r\n<\/ul>\r\n<p>&nbsp;<\/p>\r\n<\/td>\r\n<td>\u00a0<\/td>\r\n<td><a href=\"http:\/\/kutsu.lajunen.net\/wp-content\/uploads\/2021\/07\/footer-toteutus-scaled.jpeg\"><img loading=\"lazy\" class=\"alignnone size-large wp-image-235\" src=\"http:\/\/kutsu.lajunen.net\/wp-content\/uploads\/2021\/07\/footer-toteutus-509x1024.jpeg\" alt=\"\" width=\"509\" height=\"1024\" srcset=\"https:\/\/kutsu.lajunen.net\/wp-content\/uploads\/2021\/07\/footer-toteutus-509x1024.jpeg 509w, https:\/\/kutsu.lajunen.net\/wp-content\/uploads\/2021\/07\/footer-toteutus-149x300.jpeg 149w, https:\/\/kutsu.lajunen.net\/wp-content\/uploads\/2021\/07\/footer-toteutus-768x1545.jpeg 768w, https:\/\/kutsu.lajunen.net\/wp-content\/uploads\/2021\/07\/footer-toteutus-764x1536.jpeg 764w, https:\/\/kutsu.lajunen.net\/wp-content\/uploads\/2021\/07\/footer-toteutus-1018x2048.jpeg 1018w, https:\/\/kutsu.lajunen.net\/wp-content\/uploads\/2021\/07\/footer-toteutus-scaled.jpeg 1273w\" sizes=\"(max-width: 509px) 100vw, 509px\" \/><\/a><\/td>\r\n<td><a href=\"http:\/\/kutsu.lajunen.net\/wp-content\/uploads\/2021\/07\/footer-leiska.jpeg\"><img loading=\"lazy\" class=\"alignnone size-large wp-image-236\" src=\"http:\/\/kutsu.lajunen.net\/wp-content\/uploads\/2021\/07\/footer-leiska-571x1024.jpeg\" alt=\"\" width=\"571\" height=\"1024\" srcset=\"https:\/\/kutsu.lajunen.net\/wp-content\/uploads\/2021\/07\/footer-leiska-571x1024.jpeg 571w, https:\/\/kutsu.lajunen.net\/wp-content\/uploads\/2021\/07\/footer-leiska-167x300.jpeg 167w, https:\/\/kutsu.lajunen.net\/wp-content\/uploads\/2021\/07\/footer-leiska-768x1378.jpeg 768w, https:\/\/kutsu.lajunen.net\/wp-content\/uploads\/2021\/07\/footer-leiska-856x1536.jpeg 856w, https:\/\/kutsu.lajunen.net\/wp-content\/uploads\/2021\/07\/footer-leiska-1141x2048.jpeg 1141w, https:\/\/kutsu.lajunen.net\/wp-content\/uploads\/2021\/07\/footer-leiska.jpeg 1241w\" sizes=\"(max-width: 571px) 100vw, 571px\" \/><\/a><\/td>\r\n<td>\u00a0<\/td>\r\n<\/tr>\r\n<\/tbody>\r\n<\/table>\r\n<\/figure>\r\n\r\n\r\n\r\n<figure class=\"wp-block-image\"><img alt=\"\" \/><\/figure>\r\n\r\n\r\n\r\n<p>&nbsp;<\/p>\r\n<\/div>\r\n<\/div>\r\n<\/div>\r\n<\/div>\r\n\r\n\r\n\r\n<p>&nbsp;<\/p>\r\n\r\n\r\n<a href=\"whatsapp:\/\/send?text='Kukkuu'\" >Testi<\/a>","protected":false},"excerpt":{"rendered":"<p>Testattu Safari selaimella (Iphonella whatupista linkki\u00e4 klikatessa aukaisee t\u00e4ll\u00e4 selaimella) Leiska sarakkeesta l\u00f6ytyy kuvakaappaus Tuomaksen pist\u00e4m\u00e4st\u00e4 videosta ja toteutus sarakkeesta kuvakaappaus puhelimesta totetuksesta. Kuvakaappaukset saa klikkaamalla suuremmaksi. &nbsp; &nbsp; Testi<\/p>\n","protected":false},"author":1,"featured_media":0,"parent":0,"menu_order":0,"comment_status":"closed","ping_status":"closed","template":"","meta":[],"_links":{"self":[{"href":"https:\/\/kutsu.lajunen.net\/en\/wp-json\/wp\/v2\/pages\/177"}],"collection":[{"href":"https:\/\/kutsu.lajunen.net\/en\/wp-json\/wp\/v2\/pages"}],"about":[{"href":"https:\/\/kutsu.lajunen.net\/en\/wp-json\/wp\/v2\/types\/page"}],"author":[{"embeddable":true,"href":"https:\/\/kutsu.lajunen.net\/en\/wp-json\/wp\/v2\/users\/1"}],"replies":[{"embeddable":true,"href":"https:\/\/kutsu.lajunen.net\/en\/wp-json\/wp\/v2\/comments?post=177"}],"version-history":[{"count":33,"href":"https:\/\/kutsu.lajunen.net\/en\/wp-json\/wp\/v2\/pages\/177\/revisions"}],"predecessor-version":[{"id":209,"href":"https:\/\/kutsu.lajunen.net\/en\/wp-json\/wp\/v2\/pages\/177\/revisions\/209"}],"wp:attachment":[{"href":"https:\/\/kutsu.lajunen.net\/en\/wp-json\/wp\/v2\/media?parent=177"}],"curies":[{"name":"wp","href":"https:\/\/api.w.org\/{rel}","templated":true}]}}