{"id":2,"date":"2020-05-07T11:03:33","date_gmt":"2020-05-07T10:03:33","guid":{"rendered":"http:\/\/kutsu.lajunen.net\/?page_id=2"},"modified":"2020-09-13T09:47:46","modified_gmt":"2020-09-13T08:47:46","slug":"sample-page","status":"publish","type":"page","link":"https:\/\/kutsu.lajunen.net\/en\/sample-page\/","title":{"rendered":"Kutsu karitsan h\u00e4ihin"},"content":{"rendered":"\n<figure class=\"wp-block-image size-large\"><img loading=\"lazy\" width=\"768\" height=\"1024\" src=\"http:\/\/kutsu.lajunen.net\/wp-content\/uploads\/2020\/05\/PHOTO-2020-04-19-20-14-09-2.jpg\" alt=\"\" class=\"wp-image-6\" srcset=\"https:\/\/kutsu.lajunen.net\/wp-content\/uploads\/2020\/05\/PHOTO-2020-04-19-20-14-09-2.jpg 768w, https:\/\/kutsu.lajunen.net\/wp-content\/uploads\/2020\/05\/PHOTO-2020-04-19-20-14-09-2-225x300.jpg 225w\" sizes=\"(max-width: 768px) 100vw, 768px\" \/><\/figure>\n\n\n\n<figure class=\"wp-block-image size-large\"><img loading=\"lazy\" width=\"768\" height=\"1024\" src=\"http:\/\/kutsu.lajunen.net\/wp-content\/uploads\/2020\/05\/PHOTO-2020-04-19-19-04-35.jpg\" alt=\"\" class=\"wp-image-9\" srcset=\"https:\/\/kutsu.lajunen.net\/wp-content\/uploads\/2020\/05\/PHOTO-2020-04-19-19-04-35.jpg 768w, https:\/\/kutsu.lajunen.net\/wp-content\/uploads\/2020\/05\/PHOTO-2020-04-19-19-04-35-225x300.jpg 225w\" sizes=\"(max-width: 768px) 100vw, 768px\" \/><\/figure>\n\n\n\n<figure class=\"wp-block-embed-youtube wp-block-embed is-type-video is-provider-youtube wp-embed-aspect-16-9 wp-has-aspect-ratio\"><div class=\"wp-block-embed__wrapper\">\n<iframe loading=\"lazy\" title=\"N\u00e4ky: Kutsukortti  Karitsan h\u00e4ihin.\" width=\"800\" height=\"450\" src=\"https:\/\/www.youtube.com\/embed\/QpWbHzIANgc?feature=oembed&amp;wmode=opaque\" frameborder=\"0\" allow=\"accelerometer; autoplay; clipboard-write; encrypted-media; gyroscope; picture-in-picture\" allowfullscreen><\/iframe>\n<\/div><\/figure>\n\n\n\n                <div class='gf_browser_gecko gform_wrapper' id='gform_wrapper_1' style='display:none'><div id='gf_1' class='gform_anchor' tabindex='-1'><\/div><form method='post' enctype='multipart\/form-data' target='gform_ajax_frame_1' id='gform_1'  action='\/en\/wp-json\/wp\/v2\/pages\/2#gf_1'>\n                        <div class='gform_heading'>\n                            <span class='gform_description'><\/span>\n                        <\/div><div id='gf_page_steps_1' class='gf_page_steps'><div id='gf_step_1_1' class='gf_step gf_step_active gf_step_first'><span class='gf_step_number'>1<\/span>&nbsp;<span class='gf_step_label'><\/span><\/div><div id='gf_step_1_2' class='gf_step gf_step_next gf_step_pending'><span class='gf_step_number'>2<\/span>&nbsp;<span class='gf_step_label'><\/span><\/div><div id='gf_step_1_3' class='gf_step gf_step_pending'><span class='gf_step_number'>3<\/span>&nbsp;<span class='gf_step_label'><\/span><\/div><div id='gf_step_1_4' class='gf_step gf_step_last gf_step_pending'><span class='gf_step_number'>4<\/span>&nbsp;<span class='gf_step_label'><\/span><\/div><div class='gf_step_clear'><\/div><\/div>\n                        <div class='gform_body'><div id='gform_page_1_1' class='gform_page' >\n                                    <div class='gform_page_fields'><ul id='gform_fields_1' class='gform_fields top_label form_sublabel_below description_below'><li id='field_1_4'  class='gfield gsection field_sublabel_below field_description_below gfield_visibility_visible' ><h2 class='gsection_title'>Ilmoittaudu juhliin!<\/h2><\/li><li id='field_1_1'  class='gfield gfield_html gfield_html_formatted gfield_no_follows_desc field_sublabel_below field_description_below gfield_visibility_visible' >T\u00e4m\u00e4 uskon lomake on sinulle, joka haluat ottaa <b>el\u00e4m\u00e4si t\u00e4rkeimm\u00e4n askeleen<\/b> ja antaa el\u00e4m\u00e4si Jumalalle. H\u00e4nell\u00e4 on suunnitelmassaan my\u00f6s paikka sinulle ja h\u00e4n kutsuu sinua henkil\u00f6kohtaiseen yhteyteen.\n<br><br>\nK\u00e4ym\u00e4ll\u00e4 l\u00e4pi t\u00e4m\u00e4 lomake kohta kohdalta neuvomme sinua kuinka voit tehd\u00e4 oman uskon ratkaisusi. \n<br><br>\n<img src=\"http:\/\/kutsu.lajunen.net\/wp-content\/uploads\/2020\/12\/video_sami.jpg\"><\/li><\/ul>\n                    <\/div>\n                    <div class='gform_page_footer'>\n                         <input type='button' id='gform_next_button_1_2' class='gform_next_button button' value='Seuraava'  onclick='jQuery(\"#gform_target_page_number_1\").val(\"2\");  jQuery(\"#gform_1\").trigger(\"submit\",[true]); ' onkeypress='if( event.keyCode == 13 ){ jQuery(\"#gform_target_page_number_1\").val(\"2\");  jQuery(\"#gform_1\").trigger(\"submit\",[true]); } ' \/> \n                    <\/div>\n                <\/div>\n                <div id='gform_page_1_2' class='gform_page' style='display:none;'>\n                    <div class='gform_page_fields'>\n                        <ul id='gform_fields_1_2' class='gform_fields top_label form_sublabel_below description_below'><li id='field_1_5'  class='gfield gsection field_sublabel_below field_description_below gfield_visibility_visible' ><h2 class='gsection_title'>Jumalan rakkaus<\/h2><\/li><li id='field_1_3'  class='gfield gfield_html gfield_html_formatted gfield_no_follows_desc field_sublabel_below field_description_below gfield_visibility_visible' >Raamatussa kerrotaan, ett\u00e4 <i> Jumala on rakastanut maailmaa niin paljon, ett\u00e4 antoi ainoan Poikansa, jottei yksik\u00e4\u00e4n, joka h\u00e4neen uskoo, joutuisi kadotukseen, vaan saisi iankaikkisen el\u00e4m\u00e4n. Ei Jumala l\u00e4hett\u00e4nyt Poikaansa maailmaan sit\u00e4 tuomitsemaan, vaan pelastamaan sen. <\/i>\n<br>Johanneksen evankeliumi 3:16-17.\n<br><br>\nJeesus sovitti syntimme kuolemalla Golgatan ristill\u00e4 meid\u00e4n puolestamme, jotta voisimme el\u00e4\u00e4 Jumalan yhteydess\u00e4 ja kuoltuamme p\u00e4\u00e4st\u00e4 h\u00e4nen luokseen taivaaseen.\n<br><br>\n<img src=\"http:\/\/kutsu.lajunen.net\/wp-content\/uploads\/2020\/12\/video_late.jpg\"><\/li><li id='field_1_18'  class='gfield field_sublabel_below field_description_below gfield_visibility_visible' ><label class='gfield_label'  >Uskon ett\u00e4,<\/label><div class='ginput_container ginput_container_checkbox'><ul class='gfield_checkbox' id='input_1_18'><li class='gchoice_1_18_1'>\n\t\t\t\t\t\t\t\t<input name='input_18.1' type='checkbox'  value='Haluan uskoa, ett\u00e4 Jumala on olemassa ja h\u00e4n rakastaa minua.'  id='choice_1_18_1'   \/>\n\t\t\t\t\t\t\t\t<label for='choice_1_18_1' id='label_1_18_1'>Haluan uskoa, ett\u00e4 Jumala on olemassa ja h\u00e4n rakastaa minua.<\/label>\n\t\t\t\t\t\t\t<\/li><li class='gchoice_1_18_2'>\n\t\t\t\t\t\t\t\t<input name='input_18.2' type='checkbox'  value='Olen tehnyt synti\u00e4 ja joka pit\u00e4\u00e4 minut ja Jumalan erossa.'  id='choice_1_18_2'   \/>\n\t\t\t\t\t\t\t\t<label for='choice_1_18_2' id='label_1_18_2'>Olen tehnyt synti\u00e4 ja joka pit\u00e4\u00e4 minut ja Jumalan erossa.<\/label>\n\t\t\t\t\t\t\t<\/li><li class='gchoice_1_18_3'>\n\t\t\t\t\t\t\t\t<input name='input_18.3' type='checkbox'  value='Jeesus kuoli syntieni vuoksi, jotta saisin synnit anteeksi ja voisin olla yhteydess\u00e4 H\u00e4neen.'  id='choice_1_18_3'   \/>\n\t\t\t\t\t\t\t\t<label for='choice_1_18_3' id='label_1_18_3'>Jeesus kuoli syntieni vuoksi, jotta saisin synnit anteeksi ja voisin olla yhteydess\u00e4 H\u00e4neen.<\/label>\n\t\t\t\t\t\t\t<\/li><\/ul><\/div><\/li><\/ul>\n                    <\/div>\n                    <div class='gform_page_footer'>\n                        <input type='button' id='gform_previous_button_1_6' class='gform_previous_button button' value='Edellinen'  onclick='jQuery(\"#gform_target_page_number_1\").val(\"1\");  jQuery(\"#gform_1\").trigger(\"submit\",[true]); ' onkeypress='if( event.keyCode == 13 ){ jQuery(\"#gform_target_page_number_1\").val(\"1\");  jQuery(\"#gform_1\").trigger(\"submit\",[true]); } ' \/> <input type='button' id='gform_next_button_1_6' class='gform_next_button button' value='Seuraava'  onclick='jQuery(\"#gform_target_page_number_1\").val(\"3\");  jQuery(\"#gform_1\").trigger(\"submit\",[true]); ' onkeypress='if( event.keyCode == 13 ){ jQuery(\"#gform_target_page_number_1\").val(\"3\");  jQuery(\"#gform_1\").trigger(\"submit\",[true]); } ' \/> \n                    <\/div>\n                <\/div>\n                <div id='gform_page_1_3' class='gform_page' style='display:none;'>\n                    <div class='gform_page_fields'>\n                        <ul id='gform_fields_1_3' class='gform_fields top_label form_sublabel_below description_below'><li id='field_1_7'  class='gfield gsection field_sublabel_below field_description_below gfield_visibility_visible' ><h2 class='gsection_title'>Pelastus rukous<\/h2><\/li><li id='field_1_8'  class='gfield gfield_html gfield_html_formatted gfield_no_follows_desc field_sublabel_below field_description_below gfield_visibility_visible' >Voit vastaanottaa Jeesuksen el\u00e4m\u00e4\u00e4si, kun rukoilet Jumalaa t\u00e4m\u00e4n seuraavan rukouksen tavoin. \n<br><br>\n<b>\u201dRakas Taivaallinen Is\u00e4! Tulen eteesi Poikasi Jeesuksen Kristuksen nimess\u00e4. Tunnustan, ett\u00e4 olen tehnyt synti\u00e4 Sinua vastaan, l\u00e4himm\u00e4isi\u00e4ni ja itse\u00e4ni vastaan ja se on rikkonut yhteyteni Sinuun. Kadun sit\u00e4 kaikkea ja tahdon pyyt\u00e4\u00e4 t\u00e4ss\u00e4 anteeksi syntej\u00e4ni.\n<br>\nAnna minulle minun syntini anteeksi ja anna minun k\u00e4\u00e4nty\u00e4 pois synneist\u00e4ni. Kiitos Jeesus, ett\u00e4 kuolit syntieni t\u00e4hden ja annat minulle synnit anteeksi. Kiitos Is\u00e4, ett\u00e4 hyv\u00e4ksyt minut Jumalan lapseksi ja annat minulle uuden el\u00e4m\u00e4n.\n<br>\nOtan sinut, Jeesus, vastaan Pelastajanani, Vapahtajanani ja el\u00e4m\u00e4ni Herrana. Johdata minun el\u00e4m\u00e4\u00e4ni t\u00e4st\u00e4 eteenp\u00e4in, niin ett\u00e4 p\u00e4\u00e4sen kerran luoksesi taivaaseen. Aamen.\u201d<\/b>\n<br>\n<br>\n<img src=\"http:\/\/kutsu.lajunen.net\/wp-content\/uploads\/2020\/12\/video_jippu.jpg\"><\/li><li id='field_1_9'  class='gfield field_sublabel_below field_description_below hidden_label gfield_visibility_visible' ><label class='gfield_label'  >Vahvistus<\/label><div class='ginput_container ginput_container_checkbox'><ul class='gfield_checkbox' id='input_1_9'><li class='gchoice_1_9_1'>\n\t\t\t\t\t\t\t\t<input name='input_9.1' type='checkbox'  value='Haluan saada syntini anteeksi ja vastaanottaa Jeesuksen el\u00e4m\u00e4\u00e4ni!'  id='choice_1_9_1'   \/>\n\t\t\t\t\t\t\t\t<label for='choice_1_9_1' id='label_1_9_1'>Haluan saada syntini anteeksi ja vastaanottaa Jeesuksen el\u00e4m\u00e4\u00e4ni!<\/label>\n\t\t\t\t\t\t\t<\/li><\/ul><\/div><\/li><\/ul>\n                    <\/div>\n                    <div class='gform_page_footer'>\n                        <input type='button' id='gform_previous_button_1_11' class='gform_previous_button button' value='Edellinen'  onclick='jQuery(\"#gform_target_page_number_1\").val(\"2\");  jQuery(\"#gform_1\").trigger(\"submit\",[true]); ' onkeypress='if( event.keyCode == 13 ){ jQuery(\"#gform_target_page_number_1\").val(\"2\");  jQuery(\"#gform_1\").trigger(\"submit\",[true]); } ' \/> <input type='button' id='gform_next_button_1_11' class='gform_next_button button' value='Seuraava'  onclick='jQuery(\"#gform_target_page_number_1\").val(\"4\");  jQuery(\"#gform_1\").trigger(\"submit\",[true]); ' onkeypress='if( event.keyCode == 13 ){ jQuery(\"#gform_target_page_number_1\").val(\"4\");  jQuery(\"#gform_1\").trigger(\"submit\",[true]); } ' \/> \n                    <\/div>\n                <\/div>\n                <div id='gform_page_1_4' class='gform_page' style='display:none;'>\n                    <div class='gform_page_fields'>\n                        <ul id='gform_fields_1_4' class='gform_fields top_label form_sublabel_below description_below'><li id='field_1_10'  class='gfield gsection field_sublabel_below field_description_below gfield_visibility_visible' ><h2 class='gsection_title'>Onneksi olkoon!<\/h2><\/li><li id='field_1_12'  class='gfield gfield_html gfield_html_formatted gfield_no_follows_desc field_sublabel_below field_description_below gfield_visibility_visible' >Onneksi olkoon. Olet tehnyt el\u00e4m\u00e4si t\u00e4rkeimm\u00e4n p\u00e4\u00e4t\u00f6ksen pyyt\u00e4m\u00e4ll\u00e4 syntej\u00e4si anteeksi ja vastaanottamalla Jeesuksen el\u00e4m\u00e4si hallitsijaksi.\n<br><br>\nEdess\u00e4si on paljon uutta ja haluaisimme autaa sinua eteenp\u00e4in uskon tiell\u00e4. Sit\u00e4 varten olemme koostaneet s\u00e4hk\u00f6postin, jossa kerrotaan lis\u00e4\u00e4 kuinka edet\u00e4 uskossa. S\u00e4hk\u00f6postissa kerrotaan kuinka p\u00e4\u00e4set l\u00e4helle Jumalaa ja voit tutustua H\u00e4neen enemm\u00e4n p\u00e4ivitt\u00e4isess\u00e4 el\u00e4m\u00e4ss\u00e4si mm. rukouksen ja Raamatun lukemisen kautta.\n<br><br>\nToinen t\u00e4rke\u00e4 asia on toisten uskovaisten yhteys. Olisimme mielell\u00e4mme sinun yhteydess\u00e4 ja johdattaisimme sinut paikalliseen seurakuntaan, josta saisi hengellisen kodin sek\u00e4 uusia yst\u00e4vi\u00e4 jotka voivat tukea ja opettaa sinua uskon tiell\u00e4si.\n<br><br>\nAntamasi tiedot ovat vapaaehtoisia, annan ne jos haluat, ett\u00e4 olemme sinuun yhteydess\u00e4.\n<br><br>\n<img src=\"http:\/\/kutsu.lajunen.net\/wp-content\/uploads\/2020\/12\/video_jippu.jpg\"><\/li><li id='field_1_13'  class='gfield field_sublabel_below field_description_below gfield_visibility_visible' ><label class='gfield_label'  >Haluaisitko meid\u00e4n olevan yhteydess\u00e4 sinuun?<\/label><div class='ginput_container ginput_container_checkbox'><ul class='gfield_checkbox' id='input_1_13'><li class='gchoice_1_13_1'>\n\t\t\t\t\t\t\t\t<input name='input_13.1' type='checkbox'  value='Haluan antaa s\u00e4hk\u00f6postini, ett\u00e4 voitte l\u00e4hett\u00e4\u00e4 minulle lis\u00e4tietoja'  id='choice_1_13_1'   \/>\n\t\t\t\t\t\t\t\t<label for='choice_1_13_1' id='label_1_13_1'>Haluan antaa s\u00e4hk\u00f6postini, ett\u00e4 voitte l\u00e4hett\u00e4\u00e4 minulle lis\u00e4tietoja<\/label>\n\t\t\t\t\t\t\t<\/li><li class='gchoice_1_13_2'>\n\t\t\t\t\t\t\t\t<input name='input_13.2' type='checkbox'  value='Haluan antaa numeroni, ett\u00e4 voitte soittaa minulle.'  id='choice_1_13_2'   \/>\n\t\t\t\t\t\t\t\t<label for='choice_1_13_2' id='label_1_13_2'>Haluan antaa numeroni, ett\u00e4 voitte soittaa minulle.<\/label>\n\t\t\t\t\t\t\t<\/li><li class='gchoice_1_13_3'>\n\t\t\t\t\t\t\t\t<input name='input_13.3' type='checkbox'  value='Yhteystietoni saa antaa paikalliseen seurakuntaan, josta voidaan olla minuun yhteydess\u00e4.'  id='choice_1_13_3'   \/>\n\t\t\t\t\t\t\t\t<label for='choice_1_13_3' id='label_1_13_3'>Yhteystietoni saa antaa paikalliseen seurakuntaan, josta voidaan olla minuun yhteydess\u00e4.<\/label>\n\t\t\t\t\t\t\t<\/li><\/ul><\/div><\/li><li id='field_1_19'  class='gfield field_sublabel_below field_description_below gfield_visibility_visible' ><label class='gfield_label' for='input_1_19' >Nimi tai nimimerkki<\/label><div class='ginput_container ginput_container_text'><input name='input_19' id='input_1_19' type='text' value='' class='medium'      aria-invalid=\"false\" \/><\/div><\/li><li id='field_1_14'  class='gfield field_sublabel_below field_description_below gfield_visibility_visible' ><label class='gfield_label' for='input_1_14' >S\u00e4hk\u00f6posti<\/label><div class='ginput_container ginput_container_text'><input name='input_14' id='input_1_14' type='text' value='' class='medium'      aria-invalid=\"false\" \/><\/div><\/li><li id='field_1_15'  class='gfield field_sublabel_below field_description_below gfield_visibility_visible' ><label class='gfield_label' for='input_1_15' >Puhelin<\/label><div class='ginput_container ginput_container_text'><input name='input_15' id='input_1_15' type='text' value='' class='medium'      aria-invalid=\"false\" \/><\/div><\/li><li id='field_1_16'  class='gfield field_sublabel_below field_description_below gfield_visibility_visible' ><label class='gfield_label' for='input_1_16' >Postinumero\/toimipaikka<\/label><div class='ginput_container ginput_container_text'><input name='input_16' id='input_1_16' type='text' value='' class='medium'      aria-invalid=\"false\" \/><\/div><\/li>\n                            <\/ul><\/div>\n        <div class='gform_page_footer top_label'><input type='submit' id='gform_previous_button_1' class='gform_previous_button button' value='Edellinen'  onclick='if(window[\"gf_submitting_1\"]){return false;}  window[\"gf_submitting_1\"]=true;  ' onkeypress='if( event.keyCode == 13 ){ if(window[\"gf_submitting_1\"]){return false;} window[\"gf_submitting_1\"]=true;  jQuery(\"#gform_1\").trigger(\"submit\",[true]); }' \/> <input type='submit' id='gform_submit_button_1' class='gform_button button' value='L\u00e4het\u00e4'  onclick='if(window[\"gf_submitting_1\"]){return false;}  window[\"gf_submitting_1\"]=true;  ' onkeypress='if( event.keyCode == 13 ){ if(window[\"gf_submitting_1\"]){return false;} window[\"gf_submitting_1\"]=true;  jQuery(\"#gform_1\").trigger(\"submit\",[true]); }' \/> <input type='hidden' name='gform_ajax' value='form_id=1&amp;title=&amp;description=1&amp;tabindex=0' \/>\n            <input type='hidden' class='gform_hidden' name='is_submit_1' value='1' \/>\n            <input type='hidden' class='gform_hidden' name='gform_submit' value='1' \/>\n            \n            <input type='hidden' class='gform_hidden' name='gform_unique_id' value='' \/>\n            <input type='hidden' class='gform_hidden' name='state_1' value='WyJbXSIsImRhOTNkZTA4OGJiYWJhOWU3YWM3YjQwOWE2ZmFhMWJlIl0=' \/>\n            <input type='hidden' class='gform_hidden' name='gform_target_page_number_1' id='gform_target_page_number_1' value='2' \/>\n            <input type='hidden' class='gform_hidden' name='gform_source_page_number_1' id='gform_source_page_number_1' value='1' \/>\n            <input type='hidden' name='gform_field_values' value='' \/>\n            \n        <\/div>\n                        <\/div><\/div>\n                        <\/form>\n                        <\/div>\n                <iframe style='display:none;width:0px;height:0px;' src='about:blank' name='gform_ajax_frame_1' id='gform_ajax_frame_1' title='This iframe contains the logic required to handle Ajax powered Gravity Forms.'><\/iframe>\n                <script type='text\/javascript'>jQuery(document).ready(function($){gformInitSpinner( 1, 'https:\/\/kutsu.lajunen.net\/wp-content\/plugins\/gravityforms\/images\/spinner.gif' );jQuery('#gform_ajax_frame_1').on('load',function(){var contents = jQuery(this).contents().find('*').html();var is_postback = contents.indexOf('GF_AJAX_POSTBACK') >= 0;if(!is_postback){return;}var form_content = jQuery(this).contents().find('#gform_wrapper_1');var is_confirmation = jQuery(this).contents().find('#gform_confirmation_wrapper_1').length > 0;var is_redirect = contents.indexOf('gformRedirect(){') >= 0;var is_form = form_content.length > 0 && ! is_redirect && ! is_confirmation;var mt = parseInt(jQuery('html').css('margin-top'), 10) + parseInt(jQuery('body').css('margin-top'), 10) + 100;if(is_form){jQuery('#gform_wrapper_1').html(form_content.html());if(form_content.hasClass('gform_validation_error')){jQuery('#gform_wrapper_1').addClass('gform_validation_error');} else {jQuery('#gform_wrapper_1').removeClass('gform_validation_error');}setTimeout( function() { \/* delay the scroll by 50 milliseconds to fix a bug in chrome *\/ jQuery(document).scrollTop(jQuery('#gform_wrapper_1').offset().top - mt); }, 50 );if(window['gformInitDatepicker']) {gformInitDatepicker();}if(window['gformInitPriceFields']) {gformInitPriceFields();}var current_page = jQuery('#gform_source_page_number_1').val();gformInitSpinner( 1, 'https:\/\/kutsu.lajunen.net\/wp-content\/plugins\/gravityforms\/images\/spinner.gif' );jQuery(document).trigger('gform_page_loaded', [1, current_page]);window['gf_submitting_1'] = false;}else if(!is_redirect){var confirmation_content = jQuery(this).contents().find('.GF_AJAX_POSTBACK').html();if(!confirmation_content){confirmation_content = contents;}setTimeout(function(){jQuery('#gform_wrapper_1').replaceWith(confirmation_content);jQuery(document).scrollTop(jQuery('#gf_1').offset().top - mt);jQuery(document).trigger('gform_confirmation_loaded', [1]);window['gf_submitting_1'] = false;}, 50);}else{jQuery('#gform_1').append(contents);if(window['gformRedirect']) {gformRedirect();}}jQuery(document).trigger('gform_post_render', [1, current_page]);} );} );<\/script><script type='text\/javascript'> jQuery(document).bind('gform_post_render', function(event, formId, currentPage){if(formId == 1) {gf_global[\"number_formats\"][1] = {\"4\":{\"price\":false,\"value\":false},\"1\":{\"price\":false,\"value\":false},\"2\":{\"price\":false,\"value\":false},\"5\":{\"price\":false,\"value\":false},\"3\":{\"price\":false,\"value\":false},\"18\":{\"price\":false,\"value\":false},\"6\":{\"price\":false,\"value\":false},\"7\":{\"price\":false,\"value\":false},\"8\":{\"price\":false,\"value\":false},\"9\":{\"price\":false,\"value\":false},\"11\":{\"price\":false,\"value\":false},\"10\":{\"price\":false,\"value\":false},\"12\":{\"price\":false,\"value\":false},\"13\":{\"price\":false,\"value\":false},\"19\":{\"price\":false,\"value\":false},\"14\":{\"price\":false,\"value\":false},\"15\":{\"price\":false,\"value\":false},\"16\":{\"price\":false,\"value\":false}};if(window['jQuery']){if(!window['gf_form_conditional_logic'])window['gf_form_conditional_logic'] = new Array();window['gf_form_conditional_logic'][1] = { logic: { 14: {\"field\":{\"actionType\":\"show\",\"logicType\":\"all\",\"rules\":[{\"fieldId\":\"13\",\"operator\":\"is\",\"value\":\"Haluan antaa s\\u00e4hk\\u00f6postini, ett\\u00e4 voitte l\\u00e4hett\\u00e4\\u00e4 minulle lis\\u00e4tietoja\"}]},\"nextButton\":null,\"section\":\"\"},15: {\"field\":{\"actionType\":\"show\",\"logicType\":\"all\",\"rules\":[{\"fieldId\":\"13\",\"operator\":\"is\",\"value\":\"Haluan antaa numeroni, ett\\u00e4 voitte soittaa minulle.\"}]},\"nextButton\":null,\"section\":\"\"},16: {\"field\":{\"actionType\":\"show\",\"logicType\":\"all\",\"rules\":[{\"fieldId\":\"13\",\"operator\":\"is\",\"value\":\"Yhteystietoni saa antaa paikalliseen seurakuntaan, josta voidaan olla minuun yhteydess\\u00e4.\"}]},\"nextButton\":null,\"section\":\"\"} }, dependents: { 14: [14],15: [15],16: [16] }, animation: 0, defaults: [], fields: {\"4\":[],\"1\":[],\"2\":[],\"5\":[],\"3\":[],\"18\":[],\"6\":[],\"7\":[],\"8\":[],\"9\":[],\"11\":[],\"10\":[],\"12\":[],\"13\":[14,15,16],\"19\":[],\"14\":[],\"15\":[],\"16\":[]} }; if(!window['gf_number_format'])window['gf_number_format'] = 'decimal_dot';jQuery(document).ready(function(){gf_apply_rules(1, [14,15,16], true);jQuery('#gform_wrapper_1').show();jQuery(document).trigger('gform_post_conditional_logic', [1, null, true]);} );} } } );jQuery(document).bind('gform_post_conditional_logic', function(event, formId, fields, isInit){} );<\/script><script type='text\/javascript'> jQuery(document).ready(function(){jQuery(document).trigger('gform_post_render', [1, 1]) } ); <\/script>","protected":false},"excerpt":{"rendered":"","protected":false},"author":1,"featured_media":0,"parent":0,"menu_order":0,"comment_status":"closed","ping_status":"open","template":"","meta":[],"_links":{"self":[{"href":"https:\/\/kutsu.lajunen.net\/en\/wp-json\/wp\/v2\/pages\/2"}],"collection":[{"href":"https:\/\/kutsu.lajunen.net\/en\/wp-json\/wp\/v2\/pages"}],"about":[{"href":"https:\/\/kutsu.lajunen.net\/en\/wp-json\/wp\/v2\/types\/page"}],"author":[{"embeddable":true,"href":"https:\/\/kutsu.lajunen.net\/en\/wp-json\/wp\/v2\/users\/1"}],"replies":[{"embeddable":true,"href":"https:\/\/kutsu.lajunen.net\/en\/wp-json\/wp\/v2\/comments?post=2"}],"version-history":[{"count":6,"href":"https:\/\/kutsu.lajunen.net\/en\/wp-json\/wp\/v2\/pages\/2\/revisions"}],"predecessor-version":[{"id":69,"href":"https:\/\/kutsu.lajunen.net\/en\/wp-json\/wp\/v2\/pages\/2\/revisions\/69"}],"wp:attachment":[{"href":"https:\/\/kutsu.lajunen.net\/en\/wp-json\/wp\/v2\/media?parent=2"}],"curies":[{"name":"wp","href":"https:\/\/api.w.org\/{rel}","templated":true}]}}