{"id":246,"date":"2021-07-25T07:04:38","date_gmt":"2021-07-25T06:04:38","guid":{"rendered":"http:\/\/kutsu.lajunen.net\/?page_id=246"},"modified":"2021-07-25T11:09:59","modified_gmt":"2021-07-25T10:09:59","slug":"uudet-havainnot","status":"publish","type":"page","link":"https:\/\/kutsu.lajunen.net\/en\/uudet-havainnot\/","title":{"rendered":"uudet-havainnot"},"content":{"rendered":"\r\n<p>Testattu Safari selaimella (Iphonella whatupista linkki\u00e4 klikatessa aukaisee t\u00e4ll\u00e4 selaimella) Leiska sarakkeesta l\u00f6ytyy kuvakaappaus Tuomaksen pist\u00e4m\u00e4st\u00e4 videosta ja toteutus sarakkeesta kuvakaappaus puhelimesta totetuksesta. Kuvakaappaukset saa klikkaamalla suuremmaksi. \u00a0<\/p>\r\n\r\n\r\n\r\n<figure class=\"wp-block-image size-large is-style-default fancybox\"><\/figure>\r\n\r\n\r\n\r\n<div class=\"wp-block-group\">\r\n<div class=\"wp-block-group__inner-container\">\r\n<div class=\"wp-block-group\">\r\n<div class=\"wp-block-group__inner-container\">\r\n<figure class=\"wp-block-image size-large\"><\/figure>\r\n\r\n\r\n\r\n<figure class=\"wp-block-image size-large\"><\/figure>\r\n\r\n\r\n\r\n<figure class=\"wp-block-image size-large\"><\/figure>\r\n\r\n\r\n\r\n<figure class=\"wp-block-table alignwide\">\r\n<table>\r\n<tbody>\r\n<tr>\r\n<th width=\"300\">Comments \/ errors<\/th>\r\n<th>\u00a0<\/th>\r\n<th>Layout specification<\/th>\r\n<th>Implementation<\/th>\r\n<th>\u00a0<\/th>\r\n<\/tr>\r\n<tr>\r\n<td>1 Frontpage picture should be scaled smaller so that hands are fully visible and subtitle is also visible.<\/td>\r\n<td>\u00a0<\/td>\r\n<td><a href=\"http:\/\/kutsu.lajunen.net\/wp-content\/uploads\/2021\/07\/1-etusivu-kuva.png\"><img loading=\"lazy\" class=\"alignnone size-large wp-image-249\" src=\"http:\/\/kutsu.lajunen.net\/wp-content\/uploads\/2021\/07\/1-etusivu-kuva-581x1024.png\" alt=\"\" width=\"581\" height=\"1024\" srcset=\"https:\/\/kutsu.lajunen.net\/wp-content\/uploads\/2021\/07\/1-etusivu-kuva-581x1024.png 581w, https:\/\/kutsu.lajunen.net\/wp-content\/uploads\/2021\/07\/1-etusivu-kuva-170x300.png 170w, https:\/\/kutsu.lajunen.net\/wp-content\/uploads\/2021\/07\/1-etusivu-kuva-768x1355.png 768w, https:\/\/kutsu.lajunen.net\/wp-content\/uploads\/2021\/07\/1-etusivu-kuva-871x1536.png 871w, https:\/\/kutsu.lajunen.net\/wp-content\/uploads\/2021\/07\/1-etusivu-kuva.png 966w\" sizes=\"(max-width: 581px) 100vw, 581px\" \/><\/a><\/td>\r\n<td><a href=\"http:\/\/kutsu.lajunen.net\/wp-content\/uploads\/2021\/07\/1-etusivu-toteutus.png\"><img loading=\"lazy\" class=\"alignnone size-large wp-image-250\" src=\"http:\/\/kutsu.lajunen.net\/wp-content\/uploads\/2021\/07\/1-etusivu-toteutus-498x1024.png\" alt=\"\" width=\"498\" height=\"1024\" srcset=\"https:\/\/kutsu.lajunen.net\/wp-content\/uploads\/2021\/07\/1-etusivu-toteutus-498x1024.png 498w, https:\/\/kutsu.lajunen.net\/wp-content\/uploads\/2021\/07\/1-etusivu-toteutus-146x300.png 146w, https:\/\/kutsu.lajunen.net\/wp-content\/uploads\/2021\/07\/1-etusivu-toteutus-768x1578.png 768w, https:\/\/kutsu.lajunen.net\/wp-content\/uploads\/2021\/07\/1-etusivu-toteutus-747x1536.png 747w, https:\/\/kutsu.lajunen.net\/wp-content\/uploads\/2021\/07\/1-etusivu-toteutus-996x2048.png 996w, https:\/\/kutsu.lajunen.net\/wp-content\/uploads\/2021\/07\/1-etusivu-toteutus.png 1284w\" sizes=\"(max-width: 498px) 100vw, 498px\" \/><\/a><\/td>\r\n<td>\u00a0<\/td>\r\n<\/tr>\r\n<tr>\r\n<td>2. Menu items should be bigger and scrollable.<\/td>\r\n<td>\u00a0 \u00a0<\/td>\r\n<td><a href=\"http:\/\/kutsu.lajunen.net\/wp-content\/uploads\/2021\/07\/2-menu-leiska.png\"><img loading=\"lazy\" class=\"alignnone size-large wp-image-253\" src=\"http:\/\/kutsu.lajunen.net\/wp-content\/uploads\/2021\/07\/2-menu-leiska-596x1024.png\" alt=\"\" width=\"596\" height=\"1024\" srcset=\"https:\/\/kutsu.lajunen.net\/wp-content\/uploads\/2021\/07\/2-menu-leiska-596x1024.png 596w, https:\/\/kutsu.lajunen.net\/wp-content\/uploads\/2021\/07\/2-menu-leiska-175x300.png 175w, https:\/\/kutsu.lajunen.net\/wp-content\/uploads\/2021\/07\/2-menu-leiska-768x1319.png 768w, https:\/\/kutsu.lajunen.net\/wp-content\/uploads\/2021\/07\/2-menu-leiska-894x1536.png 894w, https:\/\/kutsu.lajunen.net\/wp-content\/uploads\/2021\/07\/2-menu-leiska.png 998w\" sizes=\"(max-width: 596px) 100vw, 596px\" \/><\/a><img src=\"http:\/\/kutsu.lajunen.net\/wp-content\/uploads\/2021\/07\/Footer-erin\u00e4k\u00f6inen-toteutus-511x1024.jpg\" alt=\"\" \/><img src=\"http:\/\/kutsu.lajunen.net\/wp-content\/uploads\/2021\/07\/Footer-erin\u00e4k\u00f6inen-toteutus-511x1024.jpg\" alt=\"\" \/><\/td>\r\n<td><a href=\"http:\/\/kutsu.lajunen.net\/wp-content\/uploads\/2021\/07\/2-menu-toteutus-scaled.jpeg\"><img loading=\"lazy\" class=\"alignnone size-large wp-image-252\" src=\"http:\/\/kutsu.lajunen.net\/wp-content\/uploads\/2021\/07\/2-menu-toteutus-473x1024.jpeg\" alt=\"\" width=\"473\" height=\"1024\" srcset=\"https:\/\/kutsu.lajunen.net\/wp-content\/uploads\/2021\/07\/2-menu-toteutus-473x1024.jpeg 473w, https:\/\/kutsu.lajunen.net\/wp-content\/uploads\/2021\/07\/2-menu-toteutus-139x300.jpeg 139w, https:\/\/kutsu.lajunen.net\/wp-content\/uploads\/2021\/07\/2-menu-toteutus-768x1662.jpeg 768w, https:\/\/kutsu.lajunen.net\/wp-content\/uploads\/2021\/07\/2-menu-toteutus-710x1536.jpeg 710w, https:\/\/kutsu.lajunen.net\/wp-content\/uploads\/2021\/07\/2-menu-toteutus-947x2048.jpeg 947w, https:\/\/kutsu.lajunen.net\/wp-content\/uploads\/2021\/07\/2-menu-toteutus-scaled.jpeg 1183w\" sizes=\"(max-width: 473px) 100vw, 473px\" \/><\/a><\/td>\r\n<td>\u00a0<\/td>\r\n<\/tr>\r\n<tr>\r\n<td>\r\n<p>3. Horizontal line is not same looking than in the layout\u00a0<br \/><br \/>&#8211; Extra horizontal line<\/p>\r\n<\/td>\r\n<td>\u00a0<\/td>\r\n<td><a href=\"http:\/\/kutsu.lajunen.net\/wp-content\/uploads\/2021\/07\/3-footer-toteutus.png\"><img loading=\"lazy\" class=\"alignnone size-large wp-image-255\" src=\"http:\/\/kutsu.lajunen.net\/wp-content\/uploads\/2021\/07\/3-footer-toteutus-589x1024.png\" alt=\"\" width=\"589\" height=\"1024\" srcset=\"https:\/\/kutsu.lajunen.net\/wp-content\/uploads\/2021\/07\/3-footer-toteutus-589x1024.png 589w, https:\/\/kutsu.lajunen.net\/wp-content\/uploads\/2021\/07\/3-footer-toteutus-172x300.png 172w, https:\/\/kutsu.lajunen.net\/wp-content\/uploads\/2021\/07\/3-footer-toteutus-768x1336.png 768w, https:\/\/kutsu.lajunen.net\/wp-content\/uploads\/2021\/07\/3-footer-toteutus-883x1536.png 883w, https:\/\/kutsu.lajunen.net\/wp-content\/uploads\/2021\/07\/3-footer-toteutus-1177x2048.png 1177w, https:\/\/kutsu.lajunen.net\/wp-content\/uploads\/2021\/07\/3-footer-toteutus.png 1284w\" sizes=\"(max-width: 589px) 100vw, 589px\" \/><\/a><\/td>\r\n<td><a href=\"http:\/\/kutsu.lajunen.net\/wp-content\/uploads\/2021\/07\/3-footer-leiska.png\"><img loading=\"lazy\" class=\"alignnone size-large wp-image-256\" src=\"http:\/\/kutsu.lajunen.net\/wp-content\/uploads\/2021\/07\/3-footer-leiska-594x1024.png\" alt=\"\" width=\"594\" height=\"1024\" srcset=\"https:\/\/kutsu.lajunen.net\/wp-content\/uploads\/2021\/07\/3-footer-leiska-594x1024.png 594w, https:\/\/kutsu.lajunen.net\/wp-content\/uploads\/2021\/07\/3-footer-leiska-174x300.png 174w, https:\/\/kutsu.lajunen.net\/wp-content\/uploads\/2021\/07\/3-footer-leiska-768x1324.png 768w, https:\/\/kutsu.lajunen.net\/wp-content\/uploads\/2021\/07\/3-footer-leiska-891x1536.png 891w, https:\/\/kutsu.lajunen.net\/wp-content\/uploads\/2021\/07\/3-footer-leiska.png 964w\" sizes=\"(max-width: 594px) 100vw, 594px\" \/><\/a><\/td>\r\n<td>\u00a0<\/td>\r\n<\/tr>\r\n<tr>\r\n<td>\r\n<p>4. Popup differences vs spec<br \/><br \/>\u00a0&#8211; X icon is too small compared to the layout<br \/>&#8211; X icon top margin is too small<\/p>\r\n<p>&#8211; X icon background should be white<br \/>&#8211; Oikeassa laidassa ylim\u00e4\u00e4r\u00e4inen vertikaalinen viiva<br \/>&#8211; Darkening could be a bit lighter<br \/>&#8211; IOS iphone 11 close button is under a toolbar<br \/>&#8211; Popup should close also when tapping the dark area<br \/><br \/><\/p>\r\n<p>&nbsp;<\/p>\r\n<\/td>\r\n<td>\u00a0<\/td>\r\n<td>\r\n<p><strong><a href=\"http:\/\/kutsu.lajunen.net\/wp-content\/uploads\/2021\/07\/4-pop-up-toteutus.png\"><img loading=\"lazy\" class=\"alignnone size-large wp-image-258\" src=\"http:\/\/kutsu.lajunen.net\/wp-content\/uploads\/2021\/07\/4-pop-up-toteutus-473x1024.png\" alt=\"\" width=\"473\" height=\"1024\" srcset=\"https:\/\/kutsu.lajunen.net\/wp-content\/uploads\/2021\/07\/4-pop-up-toteutus-473x1024.png 473w, https:\/\/kutsu.lajunen.net\/wp-content\/uploads\/2021\/07\/4-pop-up-toteutus-139x300.png 139w, https:\/\/kutsu.lajunen.net\/wp-content\/uploads\/2021\/07\/4-pop-up-toteutus-768x1662.png 768w, https:\/\/kutsu.lajunen.net\/wp-content\/uploads\/2021\/07\/4-pop-up-toteutus-710x1536.png 710w, https:\/\/kutsu.lajunen.net\/wp-content\/uploads\/2021\/07\/4-pop-up-toteutus-947x2048.png 947w, https:\/\/kutsu.lajunen.net\/wp-content\/uploads\/2021\/07\/4-pop-up-toteutus.png 1284w\" sizes=\"(max-width: 473px) 100vw, 473px\" \/><\/a><\/strong><\/p>\r\n<p><strong><a href=\"http:\/\/kutsu.lajunen.net\/wp-content\/uploads\/2021\/07\/4.1-popup.png\"><img loading=\"lazy\" class=\"alignnone size-large wp-image-265\" src=\"http:\/\/kutsu.lajunen.net\/wp-content\/uploads\/2021\/07\/4.1-popup-473x1024.png\" alt=\"\" width=\"473\" height=\"1024\" srcset=\"https:\/\/kutsu.lajunen.net\/wp-content\/uploads\/2021\/07\/4.1-popup-473x1024.png 473w, https:\/\/kutsu.lajunen.net\/wp-content\/uploads\/2021\/07\/4.1-popup-139x300.png 139w, https:\/\/kutsu.lajunen.net\/wp-content\/uploads\/2021\/07\/4.1-popup-768x1662.png 768w, https:\/\/kutsu.lajunen.net\/wp-content\/uploads\/2021\/07\/4.1-popup-710x1536.png 710w, https:\/\/kutsu.lajunen.net\/wp-content\/uploads\/2021\/07\/4.1-popup.png 840w\" sizes=\"(max-width: 473px) 100vw, 473px\" \/><\/a><\/strong><\/p>\r\n<p>&nbsp;<\/p>\r\n<p><a href=\"http:\/\/kutsu.lajunen.net\/wp-content\/uploads\/2021\/07\/icon-background-to-white-1-scaled.jpeg\"><img loading=\"lazy\" class=\"alignnone size-large wp-image-282\" src=\"http:\/\/kutsu.lajunen.net\/wp-content\/uploads\/2021\/07\/icon-background-to-white-1-473x1024.jpeg\" alt=\"\" width=\"473\" height=\"1024\" srcset=\"https:\/\/kutsu.lajunen.net\/wp-content\/uploads\/2021\/07\/icon-background-to-white-1-473x1024.jpeg 473w, https:\/\/kutsu.lajunen.net\/wp-content\/uploads\/2021\/07\/icon-background-to-white-1-139x300.jpeg 139w, https:\/\/kutsu.lajunen.net\/wp-content\/uploads\/2021\/07\/icon-background-to-white-1-768x1662.jpeg 768w, https:\/\/kutsu.lajunen.net\/wp-content\/uploads\/2021\/07\/icon-background-to-white-1-710x1536.jpeg 710w, https:\/\/kutsu.lajunen.net\/wp-content\/uploads\/2021\/07\/icon-background-to-white-1-947x2048.jpeg 947w, https:\/\/kutsu.lajunen.net\/wp-content\/uploads\/2021\/07\/icon-background-to-white-1-scaled.jpeg 1183w\" sizes=\"(max-width: 473px) 100vw, 473px\" \/><\/a><\/p>\r\n<p>&nbsp;<\/p>\r\n<p>&nbsp;<\/p>\r\n<p>&nbsp;<\/p>\r\n<\/td>\r\n<td><strong><a href=\"http:\/\/kutsu.lajunen.net\/wp-content\/uploads\/2021\/07\/4-pop-up-leiska.png\"><img loading=\"lazy\" class=\"alignnone size-large wp-image-259\" src=\"http:\/\/kutsu.lajunen.net\/wp-content\/uploads\/2021\/07\/4-pop-up-leiska-591x1024.png\" alt=\"\" width=\"591\" height=\"1024\" srcset=\"https:\/\/kutsu.lajunen.net\/wp-content\/uploads\/2021\/07\/4-pop-up-leiska-591x1024.png 591w, https:\/\/kutsu.lajunen.net\/wp-content\/uploads\/2021\/07\/4-pop-up-leiska-173x300.png 173w, https:\/\/kutsu.lajunen.net\/wp-content\/uploads\/2021\/07\/4-pop-up-leiska-768x1332.png 768w, https:\/\/kutsu.lajunen.net\/wp-content\/uploads\/2021\/07\/4-pop-up-leiska-886x1536.png 886w, https:\/\/kutsu.lajunen.net\/wp-content\/uploads\/2021\/07\/4-pop-up-leiska.png 962w\" sizes=\"(max-width: 591px) 100vw, 591px\" \/><\/a><\/strong><\/td>\r\n<td>\u00a0<\/td>\r\n<\/tr>\r\n<tr>\r\n<td>\r\n<p><strong>5. Scaled image is bigger than layout (the same thing than in error #1)<\/strong><\/p>\r\n<\/td>\r\n<td>\u00a0<\/td>\r\n<td><strong><a href=\"http:\/\/kutsu.lajunen.net\/wp-content\/uploads\/2021\/07\/5-ateria-toteutus.png\"><img loading=\"lazy\" class=\"alignnone size-large wp-image-261\" src=\"http:\/\/kutsu.lajunen.net\/wp-content\/uploads\/2021\/07\/5-ateria-toteutus-473x1024.png\" alt=\"\" width=\"473\" height=\"1024\" srcset=\"https:\/\/kutsu.lajunen.net\/wp-content\/uploads\/2021\/07\/5-ateria-toteutus-473x1024.png 473w, https:\/\/kutsu.lajunen.net\/wp-content\/uploads\/2021\/07\/5-ateria-toteutus-139x300.png 139w, https:\/\/kutsu.lajunen.net\/wp-content\/uploads\/2021\/07\/5-ateria-toteutus-768x1662.png 768w, https:\/\/kutsu.lajunen.net\/wp-content\/uploads\/2021\/07\/5-ateria-toteutus-710x1536.png 710w, https:\/\/kutsu.lajunen.net\/wp-content\/uploads\/2021\/07\/5-ateria-toteutus-947x2048.png 947w, https:\/\/kutsu.lajunen.net\/wp-content\/uploads\/2021\/07\/5-ateria-toteutus.png 1284w\" sizes=\"(max-width: 473px) 100vw, 473px\" \/><\/a><\/strong><\/td>\r\n<td><strong><a href=\"http:\/\/kutsu.lajunen.net\/wp-content\/uploads\/2021\/07\/5-ateria-leiska.png\"><img loading=\"lazy\" class=\"alignnone size-large wp-image-263\" src=\"http:\/\/kutsu.lajunen.net\/wp-content\/uploads\/2021\/07\/5-ateria-leiska-591x1024.png\" alt=\"\" width=\"591\" height=\"1024\" srcset=\"https:\/\/kutsu.lajunen.net\/wp-content\/uploads\/2021\/07\/5-ateria-leiska-591x1024.png 591w, https:\/\/kutsu.lajunen.net\/wp-content\/uploads\/2021\/07\/5-ateria-leiska-173x300.png 173w, https:\/\/kutsu.lajunen.net\/wp-content\/uploads\/2021\/07\/5-ateria-leiska-768x1330.png 768w, https:\/\/kutsu.lajunen.net\/wp-content\/uploads\/2021\/07\/5-ateria-leiska-887x1536.png 887w, https:\/\/kutsu.lajunen.net\/wp-content\/uploads\/2021\/07\/5-ateria-leiska.png 954w\" sizes=\"(max-width: 591px) 100vw, 591px\" \/><\/a><\/strong><\/td>\r\n<td>\u00a0<\/td>\r\n<\/tr>\r\n<tr>\r\n<td><strong>6. Hide language switch since english is not available at the moment.<\/strong><\/td>\r\n<td>\u00a0<\/td>\r\n<td><strong>No image available<\/strong><\/td>\r\n<td><strong>No image available<\/strong><\/td>\r\n<td>\u00a0<\/td>\r\n<\/tr>\r\n<tr>\r\n<td>7. All &#8220;t\u00e4\u00e4lt\u00e4&#8221; -links should go to ilmottaudu juhliin page<\/td>\r\n<td>\u00a0<\/td>\r\n<td><a href=\"http:\/\/kutsu.lajunen.net\/wp-content\/uploads\/2021\/07\/link-doesnt-work-scaled.jpg\"><img loading=\"lazy\" class=\"alignnone size-large wp-image-268\" src=\"http:\/\/kutsu.lajunen.net\/wp-content\/uploads\/2021\/07\/link-doesnt-work-473x1024.jpg\" alt=\"\" width=\"473\" height=\"1024\" srcset=\"https:\/\/kutsu.lajunen.net\/wp-content\/uploads\/2021\/07\/link-doesnt-work-473x1024.jpg 473w, https:\/\/kutsu.lajunen.net\/wp-content\/uploads\/2021\/07\/link-doesnt-work-139x300.jpg 139w, https:\/\/kutsu.lajunen.net\/wp-content\/uploads\/2021\/07\/link-doesnt-work-768x1662.jpg 768w, https:\/\/kutsu.lajunen.net\/wp-content\/uploads\/2021\/07\/link-doesnt-work-710x1536.jpg 710w, https:\/\/kutsu.lajunen.net\/wp-content\/uploads\/2021\/07\/link-doesnt-work-947x2048.jpg 947w, https:\/\/kutsu.lajunen.net\/wp-content\/uploads\/2021\/07\/link-doesnt-work-scaled.jpg 1183w\" sizes=\"(max-width: 473px) 100vw, 473px\" \/><\/a><\/td>\r\n<td>\u00a0<\/td>\r\n<td>\u00a0<\/td>\r\n<\/tr>\r\n<tr>\r\n<td>8. All links should stay on the same window.<\/td>\r\n<td>\u00a0<\/td>\r\n<td><a href=\"http:\/\/kutsu.lajunen.net\/wp-content\/uploads\/2021\/07\/link-in-new-window.png\"><img loading=\"lazy\" class=\"alignnone size-large wp-image-269\" src=\"http:\/\/kutsu.lajunen.net\/wp-content\/uploads\/2021\/07\/link-in-new-window-1024x477.png\" alt=\"\" width=\"800\" height=\"373\" srcset=\"https:\/\/kutsu.lajunen.net\/wp-content\/uploads\/2021\/07\/link-in-new-window-1024x477.png 1024w, https:\/\/kutsu.lajunen.net\/wp-content\/uploads\/2021\/07\/link-in-new-window-300x140.png 300w, https:\/\/kutsu.lajunen.net\/wp-content\/uploads\/2021\/07\/link-in-new-window-768x357.png 768w, https:\/\/kutsu.lajunen.net\/wp-content\/uploads\/2021\/07\/link-in-new-window-1536x715.png 1536w, https:\/\/kutsu.lajunen.net\/wp-content\/uploads\/2021\/07\/link-in-new-window.png 1968w\" sizes=\"(max-width: 800px) 100vw, 800px\" \/><\/a><\/td>\r\n<td>\u00a0<\/td>\r\n<td>\u00a0<\/td>\r\n<\/tr>\r\n<tr>\r\n<td>\r\n<p>9. Placeholder text is cropped\u00a0<\/p>\r\n<p>(Vahvistus omalla nimell\u00e4 tai..)<\/p>\r\n<\/td>\r\n<td>\u00a0<\/td>\r\n<td><a href=\"http:\/\/kutsu.lajunen.net\/wp-content\/uploads\/2021\/07\/placeholder-text-is-not-fully-visible.png\"><img loading=\"lazy\" class=\"alignnone size-large wp-image-273\" src=\"http:\/\/kutsu.lajunen.net\/wp-content\/uploads\/2021\/07\/placeholder-text-is-not-fully-visible-1024x473.png\" alt=\"\" width=\"800\" height=\"370\" srcset=\"https:\/\/kutsu.lajunen.net\/wp-content\/uploads\/2021\/07\/placeholder-text-is-not-fully-visible-1024x473.png 1024w, https:\/\/kutsu.lajunen.net\/wp-content\/uploads\/2021\/07\/placeholder-text-is-not-fully-visible-300x139.png 300w, https:\/\/kutsu.lajunen.net\/wp-content\/uploads\/2021\/07\/placeholder-text-is-not-fully-visible-768x355.png 768w, https:\/\/kutsu.lajunen.net\/wp-content\/uploads\/2021\/07\/placeholder-text-is-not-fully-visible-1536x710.png 1536w, https:\/\/kutsu.lajunen.net\/wp-content\/uploads\/2021\/07\/placeholder-text-is-not-fully-visible-2048x947.png 2048w\" sizes=\"(max-width: 800px) 100vw, 800px\" \/><\/a><\/td>\r\n<td>\u00a0<\/td>\r\n<td>\u00a0<\/td>\r\n<\/tr>\r\n<tr>\r\n<td>\r\n<p>10. A typo in Finnish word rukoultu -> rukoiltu<\/p>\r\n<p>&nbsp;<\/p>\r\n<\/td>\r\n<td>\u00a0<\/td>\r\n<td><a href=\"http:\/\/kutsu.lajunen.net\/wp-content\/uploads\/2021\/07\/typo.png\"><img loading=\"lazy\" class=\"alignnone size-large wp-image-275\" src=\"http:\/\/kutsu.lajunen.net\/wp-content\/uploads\/2021\/07\/typo-472x1024.png\" alt=\"\" width=\"472\" height=\"1024\" srcset=\"https:\/\/kutsu.lajunen.net\/wp-content\/uploads\/2021\/07\/typo-472x1024.png 472w, https:\/\/kutsu.lajunen.net\/wp-content\/uploads\/2021\/07\/typo-138x300.png 138w, https:\/\/kutsu.lajunen.net\/wp-content\/uploads\/2021\/07\/typo-768x1665.png 768w, https:\/\/kutsu.lajunen.net\/wp-content\/uploads\/2021\/07\/typo-709x1536.png 709w, https:\/\/kutsu.lajunen.net\/wp-content\/uploads\/2021\/07\/typo.png 812w\" sizes=\"(max-width: 472px) 100vw, 472px\" \/><\/a><\/td>\r\n<td>\u00a0<\/td>\r\n<td>\u00a0<\/td>\r\n<\/tr>\r\n<tr>\r\n<td>11. All completed steps should be marked with golden color\u00a0<\/td>\r\n<td>\u00a0<\/td>\r\n<td><a href=\"http:\/\/kutsu.lajunen.net\/wp-content\/uploads\/2021\/07\/check-the-order-that-it-works.png\"><img loading=\"lazy\" class=\"alignnone size-large wp-image-276\" src=\"http:\/\/kutsu.lajunen.net\/wp-content\/uploads\/2021\/07\/check-the-order-that-it-works-477x1024.png\" alt=\"\" width=\"477\" height=\"1024\" srcset=\"https:\/\/kutsu.lajunen.net\/wp-content\/uploads\/2021\/07\/check-the-order-that-it-works-477x1024.png 477w, https:\/\/kutsu.lajunen.net\/wp-content\/uploads\/2021\/07\/check-the-order-that-it-works-140x300.png 140w, https:\/\/kutsu.lajunen.net\/wp-content\/uploads\/2021\/07\/check-the-order-that-it-works-768x1650.png 768w, https:\/\/kutsu.lajunen.net\/wp-content\/uploads\/2021\/07\/check-the-order-that-it-works-715x1536.png 715w, https:\/\/kutsu.lajunen.net\/wp-content\/uploads\/2021\/07\/check-the-order-that-it-works.png 820w\" sizes=\"(max-width: 477px) 100vw, 477px\" \/><\/a><\/td>\r\n<td>\u00a0<\/td>\r\n<td>\u00a0<\/td>\r\n<\/tr>\r\n<tr>\r\n<td>\r\n<p>12. Double &#8220;L\u00e4het\u00e4&#8221;<\/p>\r\n<\/td>\r\n<td>\u00a0<\/td>\r\n<td><a href=\"http:\/\/kutsu.lajunen.net\/wp-content\/uploads\/2021\/07\/Screenshot-2021-07-25-at-12.42.24.png\"><img loading=\"lazy\" class=\"alignnone size-large wp-image-278\" src=\"http:\/\/kutsu.lajunen.net\/wp-content\/uploads\/2021\/07\/Screenshot-2021-07-25-at-12.42.24-474x1024.png\" alt=\"\" width=\"474\" height=\"1024\" srcset=\"https:\/\/kutsu.lajunen.net\/wp-content\/uploads\/2021\/07\/Screenshot-2021-07-25-at-12.42.24-474x1024.png 474w, https:\/\/kutsu.lajunen.net\/wp-content\/uploads\/2021\/07\/Screenshot-2021-07-25-at-12.42.24-139x300.png 139w, https:\/\/kutsu.lajunen.net\/wp-content\/uploads\/2021\/07\/Screenshot-2021-07-25-at-12.42.24-768x1660.png 768w, https:\/\/kutsu.lajunen.net\/wp-content\/uploads\/2021\/07\/Screenshot-2021-07-25-at-12.42.24-711x1536.png 711w, https:\/\/kutsu.lajunen.net\/wp-content\/uploads\/2021\/07\/Screenshot-2021-07-25-at-12.42.24.png 842w\" sizes=\"(max-width: 474px) 100vw, 474px\" \/><\/a><\/td>\r\n<td>\u00a0<\/td>\r\n<td>\u00a0<\/td>\r\n<\/tr>\r\n<tr>\r\n<td>\r\n<p>13. Material bank download links doesn&#8217;t work<\/p>\r\n<\/td>\r\n<td>\u00a0<\/td>\r\n<td><a href=\"http:\/\/kutsu.lajunen.net\/wp-content\/uploads\/2021\/07\/material-bank-links.png\"><img loading=\"lazy\" class=\"alignnone size-large wp-image-284\" src=\"http:\/\/kutsu.lajunen.net\/wp-content\/uploads\/2021\/07\/material-bank-links-1024x672.png\" alt=\"\" width=\"800\" height=\"525\" srcset=\"https:\/\/kutsu.lajunen.net\/wp-content\/uploads\/2021\/07\/material-bank-links-1024x672.png 1024w, https:\/\/kutsu.lajunen.net\/wp-content\/uploads\/2021\/07\/material-bank-links-300x197.png 300w, https:\/\/kutsu.lajunen.net\/wp-content\/uploads\/2021\/07\/material-bank-links-768x504.png 768w, https:\/\/kutsu.lajunen.net\/wp-content\/uploads\/2021\/07\/material-bank-links-1536x1008.png 1536w, https:\/\/kutsu.lajunen.net\/wp-content\/uploads\/2021\/07\/material-bank-links-2048x1344.png 2048w\" sizes=\"(max-width: 800px) 100vw, 800px\" \/><\/a><\/td>\r\n<td>\u00a0<\/td>\r\n<td>\u00a0<\/td>\r\n<\/tr>\r\n<tr>\r\n<td>\r\n<p>14. Buttons should be side by side? <br \/><br \/>&#8211; Only\u00a0 primary with golden color and back (Edellinen) with gray?\u00a0<br \/><br \/><\/p>\r\n<\/td>\r\n<td>\u00a0<\/td>\r\n<td><a href=\"http:\/\/kutsu.lajunen.net\/wp-content\/uploads\/2021\/07\/margins-scaled.jpeg\"><img loading=\"lazy\" class=\"alignnone size-large wp-image-286\" src=\"http:\/\/kutsu.lajunen.net\/wp-content\/uploads\/2021\/07\/margins-473x1024.jpeg\" alt=\"\" width=\"473\" height=\"1024\" srcset=\"https:\/\/kutsu.lajunen.net\/wp-content\/uploads\/2021\/07\/margins-473x1024.jpeg 473w, https:\/\/kutsu.lajunen.net\/wp-content\/uploads\/2021\/07\/margins-139x300.jpeg 139w, https:\/\/kutsu.lajunen.net\/wp-content\/uploads\/2021\/07\/margins-768x1662.jpeg 768w, https:\/\/kutsu.lajunen.net\/wp-content\/uploads\/2021\/07\/margins-710x1536.jpeg 710w, https:\/\/kutsu.lajunen.net\/wp-content\/uploads\/2021\/07\/margins-947x2048.jpeg 947w, https:\/\/kutsu.lajunen.net\/wp-content\/uploads\/2021\/07\/margins-scaled.jpeg 1183w\" sizes=\"(max-width: 473px) 100vw, 473px\" \/><\/a><\/td>\r\n<td>\u00a0<\/td>\r\n<td>\u00a0<\/td>\r\n<\/tr>\r\n<\/tbody>\r\n<\/table>\r\n<\/figure>\r\n\r\n\r\n\r\n<figure class=\"wp-block-image\"><img alt=\"\" \/><\/figure>\r\n\r\n\r\n<\/div>\r\n<\/div>\r\n<\/div>\r\n<\/div>\r\n\r\n\r\n\r\n<p>&nbsp;<\/p>\r\n\r\n<p><a href=\"whatsapp:\/\/send?text='Kukkuu'\">Testi<\/a><\/p>","protected":false},"excerpt":{"rendered":"<p>Testattu Safari selaimella (Iphonella whatupista linkki\u00e4 klikatessa aukaisee t\u00e4ll\u00e4 selaimella) Leiska sarakkeesta l\u00f6ytyy kuvakaappaus Tuomaksen pist\u00e4m\u00e4st\u00e4 videosta ja toteutus sarakkeesta kuvakaappaus puhelimesta totetuksesta. Kuvakaappaukset saa klikkaamalla suuremmaksi. \u00a0 &nbsp; Testi<\/p>\n","protected":false},"author":1,"featured_media":0,"parent":0,"menu_order":0,"comment_status":"closed","ping_status":"closed","template":"","meta":[],"_links":{"self":[{"href":"https:\/\/kutsu.lajunen.net\/en\/wp-json\/wp\/v2\/pages\/246"}],"collection":[{"href":"https:\/\/kutsu.lajunen.net\/en\/wp-json\/wp\/v2\/pages"}],"about":[{"href":"https:\/\/kutsu.lajunen.net\/en\/wp-json\/wp\/v2\/types\/page"}],"author":[{"embeddable":true,"href":"https:\/\/kutsu.lajunen.net\/en\/wp-json\/wp\/v2\/users\/1"}],"replies":[{"embeddable":true,"href":"https:\/\/kutsu.lajunen.net\/en\/wp-json\/wp\/v2\/comments?post=246"}],"version-history":[{"count":17,"href":"https:\/\/kutsu.lajunen.net\/en\/wp-json\/wp\/v2\/pages\/246\/revisions"}],"predecessor-version":[{"id":287,"href":"https:\/\/kutsu.lajunen.net\/en\/wp-json\/wp\/v2\/pages\/246\/revisions\/287"}],"wp:attachment":[{"href":"https:\/\/kutsu.lajunen.net\/en\/wp-json\/wp\/v2\/media?parent=246"}],"curies":[{"name":"wp","href":"https:\/\/api.w.org\/{rel}","templated":true}]}}