{"id":25,"date":"2020-05-09T10:16:41","date_gmt":"2020-05-09T09:16:41","guid":{"rendered":"http:\/\/kutsu.lajunen.net\/?page_id=25"},"modified":"2020-05-09T10:16:41","modified_gmt":"2020-05-09T09:16:41","slug":"ilmoittautuminen","status":"publish","type":"page","link":"https:\/\/kutsu.lajunen.net\/en\/ilmoittautuminen\/","title":{"rendered":"Ilmoittautuminen"},"content":{"rendered":"\n<ul><li>Miten voin p\u00e4\u00e4st\u00e4 kutsuihin osio?<ul><li>Ilmoittautumisosio<ul><li>Vahvistetaan, ett\u00e4 uskon Jeesuksen ristinty\u00f6n, syntini on annettu anteeksi, tunnustan Jeesuksen Herraksi ja haluan olla h\u00e4nen omansa. Otan kiitt\u00e4en h\u00e4nen kutsunsa vastaan.<\/li><\/ul><ul><li>Painetaan ilmoittautumisnappia, jonka j\u00e4lkeen saa vahvistuskutsun omaan s\u00e4hk\u00f6postiin<\/li><\/ul><\/li><\/ul><ul><li>Nettisivuilla seurataan, kuinka monta ihmist\u00e4 on jo ilmoittautunut (julkinen vai yksityinen)<\/li><\/ul><\/li><\/ul>\n","protected":false},"excerpt":{"rendered":"<p>Miten voin p\u00e4\u00e4st\u00e4 kutsuihin osio? Ilmoittautumisosio Vahvistetaan, ett\u00e4 uskon Jeesuksen ristinty\u00f6n, syntini on annettu anteeksi, tunnustan Jeesuksen Herraksi ja haluan olla h\u00e4nen omansa. Otan kiitt\u00e4en h\u00e4nen kutsunsa vastaan. Painetaan ilmoittautumisnappia, jonka j\u00e4lkeen saa vahvistuskutsun omaan s\u00e4hk\u00f6postiin Nettisivuilla seurataan, kuinka monta ihmist\u00e4 on jo ilmoittautunut (julkinen vai yksityinen)<\/p>\n","protected":false},"author":1,"featured_media":0,"parent":0,"menu_order":0,"comment_status":"closed","ping_status":"closed","template":"","meta":[],"_links":{"self":[{"href":"https:\/\/kutsu.lajunen.net\/en\/wp-json\/wp\/v2\/pages\/25"}],"collection":[{"href":"https:\/\/kutsu.lajunen.net\/en\/wp-json\/wp\/v2\/pages"}],"about":[{"href":"https:\/\/kutsu.lajunen.net\/en\/wp-json\/wp\/v2\/types\/page"}],"author":[{"embeddable":true,"href":"https:\/\/kutsu.lajunen.net\/en\/wp-json\/wp\/v2\/users\/1"}],"replies":[{"embeddable":true,"href":"https:\/\/kutsu.lajunen.net\/en\/wp-json\/wp\/v2\/comments?post=25"}],"version-history":[{"count":1,"href":"https:\/\/kutsu.lajunen.net\/en\/wp-json\/wp\/v2\/pages\/25\/revisions"}],"predecessor-version":[{"id":26,"href":"https:\/\/kutsu.lajunen.net\/en\/wp-json\/wp\/v2\/pages\/25\/revisions\/26"}],"wp:attachment":[{"href":"https:\/\/kutsu.lajunen.net\/en\/wp-json\/wp\/v2\/media?parent=25"}],"curies":[{"name":"wp","href":"https:\/\/api.w.org\/{rel}","templated":true}]}}