{"id":29,"date":"2020-05-09T10:17:48","date_gmt":"2020-05-09T09:17:48","guid":{"rendered":"http:\/\/kutsu.lajunen.net\/?page_id=29"},"modified":"2020-05-09T10:17:48","modified_gmt":"2020-05-09T09:17:48","slug":"todistukset","status":"publish","type":"page","link":"https:\/\/kutsu.lajunen.net\/en\/todistukset\/","title":{"rendered":"Todistukset"},"content":{"rendered":"\n<ul><li>Todistuksia kortin kautta uskoon tulleilta ihmisilt\u00e4?<ul><li>Todistuksia kortin kautta parantuneilta ihmisilt\u00e4?<\/li><\/ul><ul><li>Todistuksia siit\u00e4 miten tulevien h\u00e4\u00e4juhlien todellisuus on avautunut?<\/li><\/ul><ul><li>Videotodistukset tai tekstin\u00e4?<\/li><\/ul><\/li><\/ul>\n","protected":false},"excerpt":{"rendered":"<p>Todistuksia kortin kautta uskoon tulleilta ihmisilt\u00e4? Todistuksia kortin kautta parantuneilta ihmisilt\u00e4? Todistuksia siit\u00e4 miten tulevien h\u00e4\u00e4juhlien todellisuus on avautunut? Videotodistukset tai tekstin\u00e4?<\/p>\n","protected":false},"author":1,"featured_media":0,"parent":0,"menu_order":0,"comment_status":"closed","ping_status":"closed","template":"","meta":[],"_links":{"self":[{"href":"https:\/\/kutsu.lajunen.net\/en\/wp-json\/wp\/v2\/pages\/29"}],"collection":[{"href":"https:\/\/kutsu.lajunen.net\/en\/wp-json\/wp\/v2\/pages"}],"about":[{"href":"https:\/\/kutsu.lajunen.net\/en\/wp-json\/wp\/v2\/types\/page"}],"author":[{"embeddable":true,"href":"https:\/\/kutsu.lajunen.net\/en\/wp-json\/wp\/v2\/users\/1"}],"replies":[{"embeddable":true,"href":"https:\/\/kutsu.lajunen.net\/en\/wp-json\/wp\/v2\/comments?post=29"}],"version-history":[{"count":1,"href":"https:\/\/kutsu.lajunen.net\/en\/wp-json\/wp\/v2\/pages\/29\/revisions"}],"predecessor-version":[{"id":30,"href":"https:\/\/kutsu.lajunen.net\/en\/wp-json\/wp\/v2\/pages\/29\/revisions\/30"}],"wp:attachment":[{"href":"https:\/\/kutsu.lajunen.net\/en\/wp-json\/wp\/v2\/media?parent=29"}],"curies":[{"name":"wp","href":"https:\/\/api.w.org\/{rel}","templated":true}]}}