{"id":31,"date":"2020-05-09T10:18:11","date_gmt":"2020-05-09T09:18:11","guid":{"rendered":"http:\/\/kutsu.lajunen.net\/?page_id=31"},"modified":"2020-05-09T10:18:11","modified_gmt":"2020-05-09T09:18:11","slug":"materiaalipankki","status":"publish","type":"page","link":"https:\/\/kutsu.lajunen.net\/en\/materiaalipankki\/","title":{"rendered":"Materiaalipankki"},"content":{"rendered":"\n<ul><li>Paperisen kutsukortin painoaineisto eri kielill\u00e4 valmiina painettavaksi tai kotiprintterill\u00e4 tulostettavaksi<ul><li>Lyhtypylv\u00e4s posteri eri kielill\u00e4 valmiina painoaineistona tai kotiprintterill\u00e4 kotona tulostettavaksi<\/li><\/ul><ul><li>Digitaalinen kutsukortti pdf:n\u00e4 (PDF ja kutsu eri somekanaviin soveltuvissa muodoissa)<\/li><\/ul><ul><li>Painettava T paita eri kielill\u00e4?<\/li><\/ul><ul><li>Painettava college paita eri kielill\u00e4?<\/li><\/ul><ul><li>Kahvimuki eri kielill\u00e4?<\/li><\/ul><\/li><\/ul>\n","protected":false},"excerpt":{"rendered":"<p>Paperisen kutsukortin painoaineisto eri kielill\u00e4 valmiina painettavaksi tai kotiprintterill\u00e4 tulostettavaksi Lyhtypylv\u00e4s posteri eri kielill\u00e4 valmiina painoaineistona tai kotiprintterill\u00e4 kotona tulostettavaksi Digitaalinen kutsukortti pdf:n\u00e4 (PDF ja kutsu eri somekanaviin soveltuvissa muodoissa) Painettava T paita eri kielill\u00e4? Painettava college paita eri kielill\u00e4? Kahvimuki eri kielill\u00e4?<\/p>\n","protected":false},"author":1,"featured_media":0,"parent":0,"menu_order":0,"comment_status":"closed","ping_status":"closed","template":"","meta":[],"_links":{"self":[{"href":"https:\/\/kutsu.lajunen.net\/en\/wp-json\/wp\/v2\/pages\/31"}],"collection":[{"href":"https:\/\/kutsu.lajunen.net\/en\/wp-json\/wp\/v2\/pages"}],"about":[{"href":"https:\/\/kutsu.lajunen.net\/en\/wp-json\/wp\/v2\/types\/page"}],"author":[{"embeddable":true,"href":"https:\/\/kutsu.lajunen.net\/en\/wp-json\/wp\/v2\/users\/1"}],"replies":[{"embeddable":true,"href":"https:\/\/kutsu.lajunen.net\/en\/wp-json\/wp\/v2\/comments?post=31"}],"version-history":[{"count":1,"href":"https:\/\/kutsu.lajunen.net\/en\/wp-json\/wp\/v2\/pages\/31\/revisions"}],"predecessor-version":[{"id":32,"href":"https:\/\/kutsu.lajunen.net\/en\/wp-json\/wp\/v2\/pages\/31\/revisions\/32"}],"wp:attachment":[{"href":"https:\/\/kutsu.lajunen.net\/en\/wp-json\/wp\/v2\/media?parent=31"}],"curies":[{"name":"wp","href":"https:\/\/api.w.org\/{rel}","templated":true}]}}