{"id":33,"date":"2020-05-09T10:18:40","date_gmt":"2020-05-09T09:18:40","guid":{"rendered":"http:\/\/kutsu.lajunen.net\/?page_id=33"},"modified":"2020-05-09T10:18:40","modified_gmt":"2020-05-09T09:18:40","slug":"yhteystiedot","status":"publish","type":"page","link":"https:\/\/kutsu.lajunen.net\/en\/yhteystiedot\/","title":{"rendered":"Yhteystiedot"},"content":{"rendered":"\n<ul><li>Rikun yhteystiedot<\/li><li>L\u00e4het\u00e4 palautetta kentt\u00e4<\/li><\/ul>\n","protected":false},"excerpt":{"rendered":"<p>Rikun yhteystiedot L\u00e4het\u00e4 palautetta kentt\u00e4<\/p>\n","protected":false},"author":1,"featured_media":0,"parent":0,"menu_order":0,"comment_status":"closed","ping_status":"closed","template":"","meta":[],"_links":{"self":[{"href":"https:\/\/kutsu.lajunen.net\/en\/wp-json\/wp\/v2\/pages\/33"}],"collection":[{"href":"https:\/\/kutsu.lajunen.net\/en\/wp-json\/wp\/v2\/pages"}],"about":[{"href":"https:\/\/kutsu.lajunen.net\/en\/wp-json\/wp\/v2\/types\/page"}],"author":[{"embeddable":true,"href":"https:\/\/kutsu.lajunen.net\/en\/wp-json\/wp\/v2\/users\/1"}],"replies":[{"embeddable":true,"href":"https:\/\/kutsu.lajunen.net\/en\/wp-json\/wp\/v2\/comments?post=33"}],"version-history":[{"count":1,"href":"https:\/\/kutsu.lajunen.net\/en\/wp-json\/wp\/v2\/pages\/33\/revisions"}],"predecessor-version":[{"id":34,"href":"https:\/\/kutsu.lajunen.net\/en\/wp-json\/wp\/v2\/pages\/33\/revisions\/34"}],"wp:attachment":[{"href":"https:\/\/kutsu.lajunen.net\/en\/wp-json\/wp\/v2\/media?parent=33"}],"curies":[{"name":"wp","href":"https:\/\/api.w.org\/{rel}","templated":true}]}}