{"id":37,"date":"2020-05-09T10:19:33","date_gmt":"2020-05-09T09:19:33","guid":{"rendered":"http:\/\/kutsu.lajunen.net\/?page_id=37"},"modified":"2020-05-09T10:19:33","modified_gmt":"2020-05-09T09:19:33","slug":"yhteistyokumppanit","status":"publish","type":"page","link":"https:\/\/kutsu.lajunen.net\/en\/yhteistyokumppanit\/","title":{"rendered":"Yhteisty\u00f6kumppanit"},"content":{"rendered":"\n<ul><li>halutaanko laajempi hyv\u00e4ksynt\u00e4 hankkeelle yhteisty\u00f6kumppanuuksien kautta<ul><li>seurakunnat yms\u2026<\/li><\/ul><\/li><\/ul>\n","protected":false},"excerpt":{"rendered":"<p>halutaanko laajempi hyv\u00e4ksynt\u00e4 hankkeelle yhteisty\u00f6kumppanuuksien kautta seurakunnat yms\u2026<\/p>\n","protected":false},"author":1,"featured_media":0,"parent":0,"menu_order":0,"comment_status":"closed","ping_status":"closed","template":"","meta":[],"_links":{"self":[{"href":"https:\/\/kutsu.lajunen.net\/en\/wp-json\/wp\/v2\/pages\/37"}],"collection":[{"href":"https:\/\/kutsu.lajunen.net\/en\/wp-json\/wp\/v2\/pages"}],"about":[{"href":"https:\/\/kutsu.lajunen.net\/en\/wp-json\/wp\/v2\/types\/page"}],"author":[{"embeddable":true,"href":"https:\/\/kutsu.lajunen.net\/en\/wp-json\/wp\/v2\/users\/1"}],"replies":[{"embeddable":true,"href":"https:\/\/kutsu.lajunen.net\/en\/wp-json\/wp\/v2\/comments?post=37"}],"version-history":[{"count":1,"href":"https:\/\/kutsu.lajunen.net\/en\/wp-json\/wp\/v2\/pages\/37\/revisions"}],"predecessor-version":[{"id":38,"href":"https:\/\/kutsu.lajunen.net\/en\/wp-json\/wp\/v2\/pages\/37\/revisions\/38"}],"wp:attachment":[{"href":"https:\/\/kutsu.lajunen.net\/en\/wp-json\/wp\/v2\/media?parent=37"}],"curies":[{"name":"wp","href":"https:\/\/api.w.org\/{rel}","templated":true}]}}